{"id":3243,"date":"2018-01-11T08:19:33","date_gmt":"2018-01-11T08:19:33","guid":{"rendered":"https:\/\/bulardi.com\/bulardi-junior-za-proliv-kod-dece\/"},"modified":"2019-02-20T14:43:28","modified_gmt":"2019-02-20T14:43:28","slug":"probiotico-bulardi-junior","status":"publish","type":"page","link":"https:\/\/bulardi.com\/it\/probiotico-bulardi-junior\/","title":{"rendered":"Probiotico BULARDI Junior"},"content":{"rendered":"<p>[et_pb_section fb_built=&#8221;1&#8243; disabled_on=&#8221;off|off|off&#8221; admin_label=&#8221;section&#8221; _builder_version=&#8221;3.19.6&#8243; custom_padding=&#8221;0|0px|0|0px|false|false&#8221;][et_pb_row make_fullwidth=&#8221;on&#8221; use_custom_gutter=&#8221;on&#8221; gutter_width=&#8221;1&#8243; custom_padding=&#8221;0px|0px|0px|0px&#8221; custom_margin=&#8221;0px|0px|0px|0px&#8221; padding_top_1=&#8221;0px&#8221; padding_right_1=&#8221;0px&#8221; padding_bottom_1=&#8221;0px&#8221; padding_left_1=&#8221;0px&#8221; disabled_on=&#8221;on|on|off&#8221; _builder_version=&#8221;3.19.6&#8243;][et_pb_column type=&#8221;4_4&#8243; _builder_version=&#8221;3.5.1&#8243;][et_pb_image src=&#8221;https:\/\/bulardi.com\/wp-content\/uploads\/2019\/01\/BULARDI-Junior-Probiotico-w-1.jpg&#8221; _builder_version=&#8221;3.19.6&#8243; custom_margin=&#8221;0px|0px|0px|0px&#8221; custom_padding=&#8221;0px|0px|0px|0px&#8221;][\/et_pb_image][\/et_pb_column][\/et_pb_row][et_pb_row make_fullwidth=&#8221;on&#8221; use_custom_gutter=&#8221;on&#8221; gutter_width=&#8221;1&#8243; custom_padding=&#8221;0px|0px|0px|0px&#8221; custom_margin=&#8221;0px|0px|0px|0px&#8221; padding_top_1=&#8221;0px&#8221; padding_right_1=&#8221;0px&#8221; padding_bottom_1=&#8221;0px&#8221; padding_left_1=&#8221;0px&#8221; disabled_on=&#8221;off|off|on&#8221; _builder_version=&#8221;3.19.6&#8243; module_alignment=&#8221;center&#8221;][et_pb_column type=&#8221;4_4&#8243; _builder_version=&#8221;3.5.1&#8243;][et_pb_image src=&#8221;https:\/\/bulardi.com\/wp-content\/uploads\/2019\/01\/BULARDI-Junior-Probiotico-mob-1.jpg&#8221; align=&#8221;center&#8221; _builder_version=&#8221;3.19.6&#8243; custom_margin=&#8221;0px|0px|0px|0px&#8221; custom_padding=&#8221;0px|0px|0px|0px&#8221;][\/et_pb_image][\/et_pb_column][\/et_pb_row][\/et_pb_section][et_pb_section fb_built=&#8221;1&#8243; admin_label=&#8221;section&#8221; _builder_version=&#8221;3.18.6&#8243; custom_padding=&#8221;30px|0px|54px|0px|false|false&#8221; top_divider_style=&#8221;wave2&#8243; top_divider_color=&#8221;rgba(186,84,1,0.46)&#8221;][et_pb_row custom_padding=&#8221;50px|0px|27px|0px|false|false&#8221; _builder_version=&#8221;3.0.94&#8243;][et_pb_column type=&#8221;4_4&#8243; _builder_version=&#8221;3.0.94&#8243;][et_pb_blurb content_max_width=&#8221;1100px&#8221; _builder_version=&#8221;3.19&#8243; header_level=&#8221;h1&#8243; header_font=&#8221;||||||||&#8221; header_text_color=&#8221;#000000&#8243; header_font_size=&#8221;34px&#8221; animation_style=&#8221;slide&#8221; animation_direction=&#8221;left&#8221;]<\/p>\n<h1><strong>Probiotico BULARDI<sup style=\"font-size: 20px;\">\u00ae<\/sup> Junior<\/strong><\/h1>\n<h2><strong>Probiotico per bambini<\/strong><\/h2>\n<p>[\/et_pb_blurb][et_pb_blurb use_icon=&#8221;on&#8221; font_icon=&#8221;%%45%%&#8221; icon_color=&#8221;#4ba31a&#8221; icon_placement=&#8221;left&#8221; content_max_width=&#8221;1100px&#8221; _builder_version=&#8221;3.19&#8243; header_font=&#8221;||||||||&#8221; body_font=&#8221;||||||||&#8221; body_text_color=&#8221;#333333&#8243; body_font_size=&#8221;19px&#8221; custom_margin=&#8221;-19px|||&#8221; animation_style=&#8221;slide&#8221; animation_direction=&#8221;left&#8221;]<strong>La dose efficace comprovata:<\/strong><br \/>\n5 miliardi di cellule vive del fungo probiotico Saccharomyces boulardi[\/et_pb_blurb][et_pb_blurb use_icon=&#8221;on&#8221; font_icon=&#8221;%%45%%&#8221; icon_color=&#8221;#4ba31a&#8221; icon_placement=&#8221;left&#8221; content_max_width=&#8221;1100px&#8221; _builder_version=&#8221;3.19&#8243; header_font=&#8221;||||||||&#8221; body_font=&#8221;||||||||&#8221; body_text_color=&#8221;#333333&#8243; body_font_size=&#8221;19px&#8221; custom_margin=&#8221;-19px|||&#8221; animation_style=&#8221;slide&#8221; animation_direction=&#8221;left&#8221;]<\/p>\n<p><strong>Lo zinco riduce la gravezza e la durata della diarrea:<\/strong><br \/> ed inoltre aumenta l&#8217;immunit\u00e0<\/p>\n<p>[\/et_pb_blurb][et_pb_blurb use_icon=&#8221;on&#8221; font_icon=&#8221;%%45%%&#8221; icon_color=&#8221;#4ba31a&#8221; icon_placement=&#8221;left&#8221; content_max_width=&#8221;1100px&#8221; _builder_version=&#8221;3.19&#8243; header_font=&#8221;||||||||&#8221; body_font=&#8221;||||||||&#8221; body_text_color=&#8221;#333333&#8243; body_font_size=&#8221;19px&#8221; custom_margin=&#8221;-19px|||&#8221; animation_style=&#8221;slide&#8221; animation_direction=&#8221;left&#8221;]<strong>Senza magnesio stearato<\/strong><br \/>\naumentata la sicurezza dei bambini[\/et_pb_blurb][et_pb_blurb use_icon=&#8221;on&#8221; font_icon=&#8221;%%45%%&#8221; icon_color=&#8221;#4ba31a&#8221; icon_placement=&#8221;left&#8221; content_max_width=&#8221;1100px&#8221; _builder_version=&#8221;3.19.6&#8243; header_font=&#8221;||||||||&#8221; body_font=&#8221;||||||||&#8221; body_text_color=&#8221;#333333&#8243; body_font_size=&#8221;19px&#8221; custom_margin=&#8221;-19px|||&#8221; animation_style=&#8221;slide&#8221; animation_direction=&#8221;left&#8221;]<strong>Senza coloranti, artificiali, aromi e dolcificanti<\/strong>[\/et_pb_blurb][\/et_pb_column][\/et_pb_row][et_pb_row _builder_version=&#8221;3.19&#8243;][et_pb_column type=&#8221;4_4&#8243; _builder_version=&#8221;3.19&#8243;][et_pb_tabs _builder_version=&#8221;3.19.14&#8243;][et_pb_tab title=&#8221;Effectto&#8221; _builder_version=&#8221;3.19.14&#8243;]<\/p>\n<p><img decoding=\"async\" class=\"wp-image-193 aligncenter size-medium slika-bulardi\" src=\"https:\/\/bulardi.com\/wp-content\/uploads\/2018\/06\/Bulardi-ikonice.jpg\" alt=\"\" width=\"80%\" height=\"158\" \/><\/p>\n<p>Il Probiotico <strong>Bulardi<sup>\u24c7<\/sup>\u00a0Junior ferma la diarrea nei brevissimi tempi, normalizza la funzione degli intestini, attenua i sintomi e riduce la diarrea gi\u00e0 esistente!<\/strong><\/p>\n<p>Con il suo unico meccanismo funzionale il Probiotico Bulardi Junior lega a se i cattivi batteri e scompone le tossine batteriche, quindi elimina complettamente gli agenti della diarrea bloccando il loro effetto dannoso.<\/p>\n<p>Il Probiotico Bulardi Junior impedisce in modo estremamente efficace l&#8217;eventuale diarrea se va preso preventivamente. Il Probiotico Bulardi Junior \u00e8 un prodotto complettamente naturale che dall&#8217;organismo elimina i cattivi batteri e le loro tossine e nel contempo regola l&#8217;acidit\u00e0, rigenerisce la mucosa ed aumenta l&#8217;immunit\u00e0 negli intestini.<\/p>\n<p>Una cellula del fungo probiotico del Probiotico Bulardi Junior ha la superfice 10 volte pi\u00f9 grande rispetto ai batteri antibiotici, legando a se stessa in tal modo un maggiore numero di batteri e virus ed accelerando la loro eliminazione dall&#8217;organismo.<\/p>\n<p>&nbsp;<\/p>\n<ul>\n<li><strong>LA DOSE EFFICACE COMPROVATA: 5 miliardi di cellule vive del fungo probiotico <\/strong><\/li>\n<\/ul>\n<h3>SACCHAROMYCES BOULARDII<\/h3>\n<p>Pi\u00f9 di 80 anni Bulardi viene usato come la soluzione per tutti i tipi di diarrea. La dose efficace di 5 miliardi di coltura probiotica S. boulardii normalizza nei brevissimi tempi la funzione degli intestini, attenua i disturbi e riduce la durata della diarea ai bambini.<br \/> Il Probiotico Bulardi Junior \u00e8 l&#8217;unico prodotto probiotico il cui effetto gli antibiotici non possono indebolire, perci\u00f2 pu\u00f2 essere usato anche insieme agli antibiotici.<br \/> Grazie ai numerosi studi clinici che confermano la sua efficenza, la Societ\u00e0 Europea di Gastroenterologia Epatologia e Nutrizione Pediatrica (SEGENP) consiglia S. boulardii come la prima scelta nella terapia e prevenzione della diarrea.<\/p>\n<p>&nbsp;<\/p>\n<h3>LO ZINCO RIDUCE LA GRAVEZZA E LA DURATA DELLA DIARREA E RINFORZA L&#8217;IMMUNIT\u00c0<\/h3>\n<p>I bambini che sofrono di diarrea hanno la concentrazione ridotta di zinco nella plasma. Come provato, lo zinco efficentemente riduce la gravezza, la durata e la seriet\u00e0 della diarrea infantile.<br \/> La supplementazione con zinco migliora l&#8217;assorbimento dell&#8217;acqua e degli elettrolitici e in questo modo impedisce la possibilit\u00e0 di deidrattazione, aiutando nel contempo la rigenerazione dell&#8217;epitelio intestinale e la ripresa della sua funzione.<br \/> Lo zinco pu\u00f2 essere usato anche in via preventiva per rinforzare l&#8217;immunit\u00e0 e la capacit\u00e0 diffensiva, sia contro la diarrea sia contro altre infezioni.<\/p>\n<p>Il consiglio ufficiale dato dall&#8217;Organizzazione Mondiale della Sanit\u00e0 (WHO) e dall&#8217;UNICEF: lo zinco deve essere la parte integrante del trattamento nel risolvere i problemi di diarrea.<\/p>\n<p>&nbsp;<\/p>\n<h3>SENZA MAGNESIO STEARATO \u2013 AUMENTATA LA SICUREZZA DEI BAMBINI<\/h3>\n<p>Va speculato per il magnesio stearato che nella popolazione pediatrica nei certi casi potrebbe essere tossico.<\/p>\n<p>Omettendo questo ingrediente \u00e8 esclusa ogni e qualsiasi possibilit\u00e0 di rischio ed \u00e8 assicurata la completa sicurezza del prodotto Probiotico Bulardi Junio, che impedisce la diarrea ai bambini.<br \/> Il Probiotico Bulardi Junior non contiene gli allergeni del latte, quindi pu\u00f2 essere applicato ai bambini allergici alle proteine del latte.<\/p>\n<h4 style=\"border-top: 1px solid #333; border-bottom: 1px solid #333; padding: 15px 0 20px 0; margin-top: 30px; margin-bottom: 30px;\"><strong>1. Diarrea causata dall&#8217;uso di antibiotici<\/strong><\/h4>\n<p>La diarrea si manifesta nel 40% delle persone che usano antibiotici!<br \/> Il Probiotico Bilardi \u00e8 l&#8217;unico che pu\u00f2 essere usato in combinazione con assolutamente tutti gli antibiotici. Questo lo fa un mezzo ideale nella lotta contro la diarrea causata dall&#8217;applicazione di antibiotici.<\/p>\n<h4 style=\"border-top: 1px solid #333; border-bottom: 1px solid #333; padding: 15px 0 20px 0; margin-top: 30px; margin-bottom: 30px;\"><strong>2. Diarrea durante i viaggi<\/strong><\/h4>\n<p>Le ricerche hanno dimostrato che il Probiotico Bulardi Junior efficacemente impedisce le diarre durante i viaggi nel persino 90% dei casi. Perci\u00f2 \u00e8 consigliabile, in via preventiva, prendere Bulardi 5 giorni prima della partenza e durante il viaggio. Nel caso di diarrea, il Probiotico Bulardi Junior la fermer\u00e0 quasi immediatamente riducendo tutti i sintomi fastidiosi.<\/p>\n<h4 style=\"border-top: 1px solid #333; border-bottom: 1px solid #333; padding: 15px 0 20px 0; margin-top: 30px; margin-bottom: 30px;\"><strong>3. Contro i batteri<\/strong><\/h4>\n<p>Il Probiotico Bulardi Junior distrugge la microflora dannosa, stimula e crea microflora sana.<br \/> Il Probiotico Bulardi Junior lega a se i batteri patogeni nel sistema digestivo e li elimina velocemente dall&#8217;organismo. Il Probiotico Bulardi Junior ricostruisce la flora intestinale naturale in modo che impedisce l&#8217;ulteriore crescita dei batteri dannosi e la domiciliazione degli stessi nell&#8217;intestino crasso.<\/p>\n<h4 style=\"border-top: 1px solid #333; border-bottom: 1px solid #333; padding: 15px 0 20px 0; margin-top: 30px; margin-bottom: 30px;\"><strong>4. Contro le tossine<\/strong><\/h4>\n<p>Il Probiotico Bulardi Junior scompone le tossine batteriche tramite enzimi ed impedisce il legamento delle stesse ai ricettori e con ci\u00f2 il loro effetto dannoso. Efetto protettivo sulle cellule dell&#8217;epitelio intestinale.<br \/> Il Probiotico Bulardi Junior riduce la secrezione elettrolitica e con ci\u00f2 normalizza l&#8217;eliminazione dell&#8217;acqua e la perdita del sale dall&#8217;organismo.<br \/> Il Probiotico Bulardi Junior stimula la decomposizione dei zuccheri e in tal modo aumenta il prelievo di materie nutritive.<br \/> Rigenerisce le cellule danneggiate dell&#8217;epitelio intestinale accelerando cosi\u00ec la ripresa. Impedisce la perdita dell&#8217;entit\u00e0 dell&#8217;epitelio e la penetrazione di microorganismi nel sangue.<br \/> Aumenta l&#8217;immunit\u00e0 e riduce l&#8217;infiammazione.<br \/> Il Probiotico Bulardi Junior attiva il sistema difensivo negli intestini aumentando i anticorpi che lottano contro l&#8217;agente patogeno della diarrea. Impedisce una forte reazione infiammatoria locale in modo che riduce la creazione delle combinazioni che causano le reazioni infiammatorie.<\/p>\n<h3 style=\"margin-top: 30px;\"><strong>Probiotico Bulardi Junior \u2013 Il pi\u00f9 efficace contra la diarea infantile<\/strong><\/h3>\n<p>[\/et_pb_tab][et_pb_tab title=&#8221;Uso&#8221; _builder_version=&#8221;3.19&#8243;]<\/p>\n<div style=\"clear: both; position: relative;\">\n<table>\n<tbody>\n<tr class=\"su-even\">\n<td><strong>Motivo<\/strong><\/td>\n<td><strong>Dosaggio<\/strong><\/td>\n<\/tr>\n<tr>\n<td>Diarree accute e croniche<\/td>\n<td>1 capsula\/sacchetto la mattina e 1 capsula\/sacchetto la sera (bambini sotto 6 anni 1 capsula\/sacchetto al giorno) durante la malattia<\/td>\n<\/tr>\n<tr class=\"su-even\">\n<td>Con antibiotici<\/td>\n<td>1 capsula\/sacchetto al giorno durante la terapia con antibiotici e 2-4 settimane dopo la terapia<\/td>\n<\/tr>\n<tr>\n<td>Diarree durante i<br \/>\nviaggi<\/td>\n<td>1 capsula\/sacchetto 5 giorni prima di partenza al viaggio e  durante tutto il viaggio<\/td>\n<\/tr>\n<tr class=\"su-even\">\n<td>Nei casi di Helicobacter pylori<br \/>\ncon terapia standard<\/td>\n<td>1 capsula\/sacchetto al giorno durante la terapia e 2-4 setimane dopo la terapia<\/td>\n<\/tr>\n<tr>\n<td>Nel caso di Clostridium difficile, con terapia standard e per impedire le recidive<\/td>\n<td>2 volte 1 a 2  capsule\/sacchetti al giorno (bambini sotto 6 anni 1-2 volte al giorno 1 capsula\/sacchetto) durante 4 settimane<\/td>\n<\/tr>\n<tr class=\"su-even\">\n<td>Nei casi di malattie inflammatorio degli intestini<\/td>\n<td>1 capsula\/sacchetto al giorno durante un lungo periodo di tempo<\/td>\n<\/tr>\n<tr>\n<td>Per aumentare l&#8217;immunit\u00e0 e regolare la flora intestinale<\/td>\n<td>1 capsula\/sacchetto al giorno durante un lungo periodo di tempo<\/td>\n<\/tr>\n<\/div>\n<\/tbody>\n<\/table>\n<\/div>\n<p>[\/et_pb_tab][et_pb_tab title=&#8221;Annotazione&#8221; _builder_version=&#8221;3.19&#8243;]<\/p>\n<div style=\"clear: both; position: relative;\">\n<p><strong>Annotazione:<\/strong><\/p>\n<ul>\n<li>Probiotico Bulardi Junior non contiene allergeni del latte, quindi \u00e8 sicuro per essere applicato ai bambini allergici alle proteine del latte.<\/li>\n<li>Consigliamo alle donne incinte, alle balie e alle persone con catetere venoso centrale di consultare precdentemente il medico curante.<\/li>\n<li>Durante il trattamento \u00e8 necessario compensare i liquidi ed elettrolitici.<\/li>\n<\/ul>\n<p><strong>Effetti sgraditi:<\/strong><\/p>\n<ul>\n<li>Non conosciuti<\/li>\n<li>&#8211;\tNon sono note le interazioni con altri farmaci<\/li>\n<\/ul>\n<\/div>\n<p>[\/et_pb_tab][\/et_pb_tabs][\/et_pb_column][\/et_pb_row][\/et_pb_section]<\/p>\n","protected":false},"excerpt":{"rendered":"<p>Probiotico BULARDI\u00ae Junior Probiotico per bambiniLa dose efficace comprovata: 5 miliardi di cellule vive del fungo probiotico Saccharomyces boulardiLo zinco riduce la gravezza e la durata della diarrea: ed inoltre aumenta l&#8217;immunit\u00e0Senza magnesio stearato aumentata la sicurezza dei bambiniSenza coloranti, artificiali, aromi e dolcificanti Il Probiotico Bulardi\u24c7\u00a0Junior ferma la diarrea nei brevissimi tempi, normalizza la [&hellip;]<\/p>\n","protected":false},"author":15,"featured_media":0,"parent":0,"menu_order":0,"comment_status":"closed","ping_status":"closed","template":"","meta":{"_et_pb_use_builder":"on","_et_pb_old_content":"","_et_gb_content_width":"","footnotes":""},"class_list":["post-3243","page","type-page","status-publish","hentry"],"yoast_head":"<!-- This site is optimized with the Yoast SEO plugin v27.4 - https:\/\/yoast.com\/product\/yoast-seo-wordpress\/ -->\n<title>Probiotico BULARDI Junior - Bulardi Probiotik<\/title>\n<meta name=\"robots\" content=\"index, follow, max-snippet:-1, max-image-preview:large, max-video-preview:-1\" \/>\n<link rel=\"canonical\" href=\"https:\/\/bulardi.com\/it\/probiotico-bulardi-junior\/\" \/>\n<meta property=\"og:locale\" content=\"it_IT\" \/>\n<meta property=\"og:type\" content=\"article\" \/>\n<meta property=\"og:title\" content=\"Probiotico BULARDI Junior - Bulardi Probiotik\" \/>\n<meta property=\"og:description\" content=\"Probiotico BULARDI\u00ae Junior Probiotico per bambiniLa dose efficace comprovata: 5 miliardi di cellule vive del fungo probiotico Saccharomyces boulardiLo zinco riduce la gravezza e la durata della diarrea: ed inoltre aumenta l&#039;immunit\u00e0Senza magnesio stearato aumentata la sicurezza dei bambiniSenza coloranti, artificiali, aromi e dolcificanti Il Probiotico Bulardi\u24c7\u00a0Junior ferma la diarrea nei brevissimi tempi, normalizza la [&hellip;]\" \/>\n<meta property=\"og:url\" content=\"https:\/\/bulardi.com\/it\/probiotico-bulardi-junior\/\" \/>\n<meta property=\"og:site_name\" content=\"Bulardi Probiotik\" \/>\n<meta property=\"article:modified_time\" content=\"2019-02-20T14:43:28+00:00\" \/>\n<meta property=\"og:image\" content=\"https:\/\/bulardi.com\/wp-content\/uploads\/2018\/06\/Bulardi-ikonice.jpg\" \/>\n<meta name=\"twitter:card\" content=\"summary_large_image\" \/>\n<meta name=\"twitter:label1\" content=\"Tempo di lettura stimato\" \/>\n\t<meta name=\"twitter:data1\" content=\"8 minuti\" \/>\n<script type=\"application\/ld+json\" class=\"yoast-schema-graph\">{\"@context\":\"https:\\\/\\\/schema.org\",\"@graph\":[{\"@type\":\"WebPage\",\"@id\":\"https:\\\/\\\/bulardi.com\\\/it\\\/probiotico-bulardi-junior\\\/\",\"url\":\"https:\\\/\\\/bulardi.com\\\/it\\\/probiotico-bulardi-junior\\\/\",\"name\":\"Probiotico BULARDI Junior - Bulardi Probiotik\",\"isPartOf\":{\"@id\":\"https:\\\/\\\/bulardi.com\\\/#website\"},\"primaryImageOfPage\":{\"@id\":\"https:\\\/\\\/bulardi.com\\\/it\\\/probiotico-bulardi-junior\\\/#primaryimage\"},\"image\":{\"@id\":\"https:\\\/\\\/bulardi.com\\\/it\\\/probiotico-bulardi-junior\\\/#primaryimage\"},\"thumbnailUrl\":\"https:\\\/\\\/bulardi.com\\\/wp-content\\\/uploads\\\/2018\\\/06\\\/Bulardi-ikonice.jpg\",\"datePublished\":\"2018-01-11T08:19:33+00:00\",\"dateModified\":\"2019-02-20T14:43:28+00:00\",\"breadcrumb\":{\"@id\":\"https:\\\/\\\/bulardi.com\\\/it\\\/probiotico-bulardi-junior\\\/#breadcrumb\"},\"inLanguage\":\"it-IT\",\"potentialAction\":[{\"@type\":\"ReadAction\",\"target\":[\"https:\\\/\\\/bulardi.com\\\/it\\\/probiotico-bulardi-junior\\\/\"]}]},{\"@type\":\"ImageObject\",\"inLanguage\":\"it-IT\",\"@id\":\"https:\\\/\\\/bulardi.com\\\/it\\\/probiotico-bulardi-junior\\\/#primaryimage\",\"url\":\"https:\\\/\\\/bulardi.com\\\/wp-content\\\/uploads\\\/2018\\\/06\\\/Bulardi-ikonice.jpg\",\"contentUrl\":\"https:\\\/\\\/bulardi.com\\\/wp-content\\\/uploads\\\/2018\\\/06\\\/Bulardi-ikonice.jpg\"},{\"@type\":\"BreadcrumbList\",\"@id\":\"https:\\\/\\\/bulardi.com\\\/it\\\/probiotico-bulardi-junior\\\/#breadcrumb\",\"itemListElement\":[{\"@type\":\"ListItem\",\"position\":1,\"name\":\"Home\",\"item\":\"https:\\\/\\\/bulardi.com\\\/it\\\/\"},{\"@type\":\"ListItem\",\"position\":2,\"name\":\"Probiotico BULARDI Junior\"}]},{\"@type\":\"WebSite\",\"@id\":\"https:\\\/\\\/bulardi.com\\\/#website\",\"url\":\"https:\\\/\\\/bulardi.com\\\/\",\"name\":\"Bulardi Probiotik\",\"description\":\"Broj 1 protiv dijareje\",\"potentialAction\":[{\"@type\":\"SearchAction\",\"target\":{\"@type\":\"EntryPoint\",\"urlTemplate\":\"https:\\\/\\\/bulardi.com\\\/?s={search_term_string}\"},\"query-input\":{\"@type\":\"PropertyValueSpecification\",\"valueRequired\":true,\"valueName\":\"search_term_string\"}}],\"inLanguage\":\"it-IT\"}]}<\/script>\n<!-- \/ Yoast SEO plugin. -->","yoast_head_json":{"title":"Probiotico BULARDI Junior - Bulardi Probiotik","robots":{"index":"index","follow":"follow","max-snippet":"max-snippet:-1","max-image-preview":"max-image-preview:large","max-video-preview":"max-video-preview:-1"},"canonical":"https:\/\/bulardi.com\/it\/probiotico-bulardi-junior\/","og_locale":"it_IT","og_type":"article","og_title":"Probiotico BULARDI Junior - Bulardi Probiotik","og_description":"Probiotico BULARDI\u00ae Junior Probiotico per bambiniLa dose efficace comprovata: 5 miliardi di cellule vive del fungo probiotico Saccharomyces boulardiLo zinco riduce la gravezza e la durata della diarrea: ed inoltre aumenta l'immunit\u00e0Senza magnesio stearato aumentata la sicurezza dei bambiniSenza coloranti, artificiali, aromi e dolcificanti Il Probiotico Bulardi\u24c7\u00a0Junior ferma la diarrea nei brevissimi tempi, normalizza la [&hellip;]","og_url":"https:\/\/bulardi.com\/it\/probiotico-bulardi-junior\/","og_site_name":"Bulardi Probiotik","article_modified_time":"2019-02-20T14:43:28+00:00","og_image":[{"url":"https:\/\/bulardi.com\/wp-content\/uploads\/2018\/06\/Bulardi-ikonice.jpg","type":"","width":"","height":""}],"twitter_card":"summary_large_image","twitter_misc":{"Tempo di lettura stimato":"8 minuti"},"schema":{"@context":"https:\/\/schema.org","@graph":[{"@type":"WebPage","@id":"https:\/\/bulardi.com\/it\/probiotico-bulardi-junior\/","url":"https:\/\/bulardi.com\/it\/probiotico-bulardi-junior\/","name":"Probiotico BULARDI Junior - Bulardi Probiotik","isPartOf":{"@id":"https:\/\/bulardi.com\/#website"},"primaryImageOfPage":{"@id":"https:\/\/bulardi.com\/it\/probiotico-bulardi-junior\/#primaryimage"},"image":{"@id":"https:\/\/bulardi.com\/it\/probiotico-bulardi-junior\/#primaryimage"},"thumbnailUrl":"https:\/\/bulardi.com\/wp-content\/uploads\/2018\/06\/Bulardi-ikonice.jpg","datePublished":"2018-01-11T08:19:33+00:00","dateModified":"2019-02-20T14:43:28+00:00","breadcrumb":{"@id":"https:\/\/bulardi.com\/it\/probiotico-bulardi-junior\/#breadcrumb"},"inLanguage":"it-IT","potentialAction":[{"@type":"ReadAction","target":["https:\/\/bulardi.com\/it\/probiotico-bulardi-junior\/"]}]},{"@type":"ImageObject","inLanguage":"it-IT","@id":"https:\/\/bulardi.com\/it\/probiotico-bulardi-junior\/#primaryimage","url":"https:\/\/bulardi.com\/wp-content\/uploads\/2018\/06\/Bulardi-ikonice.jpg","contentUrl":"https:\/\/bulardi.com\/wp-content\/uploads\/2018\/06\/Bulardi-ikonice.jpg"},{"@type":"BreadcrumbList","@id":"https:\/\/bulardi.com\/it\/probiotico-bulardi-junior\/#breadcrumb","itemListElement":[{"@type":"ListItem","position":1,"name":"Home","item":"https:\/\/bulardi.com\/it\/"},{"@type":"ListItem","position":2,"name":"Probiotico BULARDI Junior"}]},{"@type":"WebSite","@id":"https:\/\/bulardi.com\/#website","url":"https:\/\/bulardi.com\/","name":"Bulardi Probiotik","description":"Broj 1 protiv dijareje","potentialAction":[{"@type":"SearchAction","target":{"@type":"EntryPoint","urlTemplate":"https:\/\/bulardi.com\/?s={search_term_string}"},"query-input":{"@type":"PropertyValueSpecification","valueRequired":true,"valueName":"search_term_string"}}],"inLanguage":"it-IT"}]}},"_links":{"self":[{"href":"https:\/\/bulardi.com\/it\/wp-json\/wp\/v2\/pages\/3243","targetHints":{"allow":["GET"]}}],"collection":[{"href":"https:\/\/bulardi.com\/it\/wp-json\/wp\/v2\/pages"}],"about":[{"href":"https:\/\/bulardi.com\/it\/wp-json\/wp\/v2\/types\/page"}],"author":[{"embeddable":true,"href":"https:\/\/bulardi.com\/it\/wp-json\/wp\/v2\/users\/15"}],"replies":[{"embeddable":true,"href":"https:\/\/bulardi.com\/it\/wp-json\/wp\/v2\/comments?post=3243"}],"version-history":[{"count":14,"href":"https:\/\/bulardi.com\/it\/wp-json\/wp\/v2\/pages\/3243\/revisions"}],"predecessor-version":[{"id":3572,"href":"https:\/\/bulardi.com\/it\/wp-json\/wp\/v2\/pages\/3243\/revisions\/3572"}],"wp:attachment":[{"href":"https:\/\/bulardi.com\/it\/wp-json\/wp\/v2\/media?parent=3243"}],"curies":[{"name":"wp","href":"https:\/\/api.w.org\/{rel}","templated":true}]}}