{"id":1878,"date":"2018-01-11T08:21:34","date_gmt":"2018-01-11T08:21:34","guid":{"rendered":"http:\/\/bulardi.tensilen.rs\/najcesca-pitanja-probiotik-i-antibiotik\/"},"modified":"2018-03-30T08:19:45","modified_gmt":"2018-03-30T08:19:45","slug":"preguntas-frecuentes","status":"publish","type":"page","link":"https:\/\/bulardi.com\/es\/preguntas-frecuentes\/","title":{"rendered":"Preguntas frecuentes"},"content":{"rendered":"<p>[et_pb_section fb_built=\u00bb1&#8243; admin_label=\u00bbsection\u00bb _builder_version=\u00bb3.0.47&#8243; custom_padding=\u00bb40px|0px|40px|0px\u00bb][et_pb_row admin_label=\u00bbrow\u00bb _builder_version=\u00bb3.0.47&#8243; background_size=\u00bbinitial\u00bb background_position=\u00bbtop_left\u00bb background_repeat=\u00bbrepeat\u00bb][et_pb_column type=\u00bb4_4&#8243; _builder_version=\u00bb3.0.47&#8243; parallax=\u00bboff\u00bb parallax_method=\u00bbon\u00bb][et_pb_blurb title=\u00bbPreguntas frecuentes\u00bb _builder_version=\u00bb3.0.106&#8243; header_level=\u00bbh1&#8243; header_font=\u00bb||||||||\u00bb header_text_align=\u00bbcenter\u00bb header_font_size=\u00bb40px\u00bb custom_margin=\u00bb||70px|\u00bb][\/et_pb_blurb][et_pb_blurb content_max_width=\u00bb1100px\u00bb _builder_version=\u00bb3.0.106&#8243; header_level=\u00bbh1&#8243; header_font=\u00bb||||||||\u00bb header_text_align=\u00bbcenter\u00bb header_font_size=\u00bb40px\u00bb]<\/p>\n<p style=\"font-size: 23px; margin-bottom: 20px;\"><strong>\u00bfSe puede tomar Bulardi Probi\u00f3tico simult\u00e1neamente con antibi\u00f3ticos?<\/strong><\/span><\/p>\n<p>Bulardi Probi\u00f3tico se puede utilizar simult\u00e1neamente con los antibi\u00f3ticos, debido a que contiene la levadura Saccharomyces Boluardii lo cual es absolutamente resistente a ellos. Bulardi\u00a0Probi\u00f3tico protege la flora intestinal durante la terapia con antibi\u00f3ticos.<\/p>\n<p>La aparici\u00f3n de la diarrea causada por antibi\u00f3ticos, se debe a que los antibi\u00f3ticos adem\u00e1s de destruir las bacterias malas, tambi\u00e9n pueden destruir las bacterias buenas. Se perturba el equilibrio natural en el tracto intestinal.<\/p>\n<p style=\"font-size: 23px; margin-bottom: 20px;\"><strong>\u00bfC\u00f3mo es que Bulardi Probi\u00f3tico previene la diarrea?<\/strong><\/p>\n<p>Bulardi Probi\u00f3tico detiene la diarrea casi inmediatamente, previene la diarrea al viajar y la diarrea que resulta del tratamiento con antibi\u00f3ticos. Bulardi Probi\u00f3tico adem\u00e1s tiene una alta actividad antimicrobiana (que act\u00faa sobre una amplia gama de pat\u00f3genos \u2013 bacterias, virus, par\u00e1sitos y los elimina del cuerpo), efectos antitoxina (agentes disgregantes que eliminan las toxinas evitando la uni\u00f3n con los receptores), efectos anti- inflamatorios (reduce la inflamaci\u00f3n), un efecto protector en la pared intestinal y ayuda a regenerar el epitelio intestinal da\u00f1ada; por lo tanto, crea las condiciones \u00f3ptimas para la regeneraci\u00f3n de la flora intestinal.<\/p>\n<p style=\"font-size: 23px; margin-bottom: 20px; margin-top: 20px;\"><strong>\u00bfLos ni\u00f1os pueden utilizar Bulardi Probi\u00f3tico?<\/strong><\/p>\n<p>S\u00ed, Bulardi Probi\u00f3tico puede ser utilizado por ni\u00f1os ya que es completamente seguro. Especialmente se recomienda el uso de Bulardi Probi\u00f3tico para ni\u00f1os, ya que es el \u00fanico probi\u00f3tico en el mercado que puede ser utilizado por ni\u00f1os de dos meses de edad, ya que contiene probi\u00f3tico y zinc. Esta combinaci\u00f3n no s\u00f3lo resuelve el problema de diarrea, sino tambi\u00e9n se puede utilizar de forma preventiva para reforzar la inmunidad local.<\/p>\n<p>Est\u00e1 comprobado que una dosis efectiva de 5 mil millones de cultivos de Saccharomyces Boulardii normaliza en tiempo r\u00e9cord los movimientos intestinales, reduce los s\u00edntomas y acortan la duraci\u00f3n de la diarrea, adem\u00e1s el zinc reduce la gravedad y la duraci\u00f3n de la misma, y refuerza a\u00fan m\u00e1s la inmunidad. Bulardi Probi\u00f3tico para ni\u00f1os es especialmente recomendable para los ni\u00f1os que viven en colectivos (jardines de ni\u00f1os, escuelas, etc.), ya que evita la posibilidad de diarrea y otras infecciones.<\/p>\n<p style=\"font-size: 23px; margin-bottom: 20px; margin-top: 20px;\"><strong>\u00bfEs Bulardi Probi\u00f3tico seguro de usar?<\/strong><\/span><\/p>\n<p>Bulardi es completamente seguro de usar. Se ha utilizado desde hace m\u00e1s de 80 a\u00f1os como una soluci\u00f3n para todos los tipos de diarrea. Debido a los numerosos estudios cl\u00ednicos y experiencias de pacientes que confirmen su eficacia y seguridad, la Sociedad Europea de Pediatr\u00eda gastroenter\u00f3logos, hepat\u00f3logos y nutricionistas (ESPHAGAN) S.Bulardi recomienda como la primera opci\u00f3n en el tratamiento y prevenci\u00f3n de la diarrea.<\/p>\n<p>Se especula que en ciertos casos, el estearato de magnesio puede ser t\u00f3xico en los pacientes pedi\u00e1tricos.\u00a0La omisi\u00f3n de este principio, excluye cualquier posibilidad de riesgo y asegura una completa seguridad de Bulardi Probi\u00f3tico Junior..<\/p>\n<p style=\"font-size: 23px; margin-bottom: 20px; margin-top: 20px;\"><strong>\u00bfEs posible que\u00a0con la ayuda de Bulardi Probi\u00f3tico se pueda prevenir la diarrea durante un viaje y de qu\u00e9 manera?<\/strong><\/p>\n<p>Es posible si se toma 5 d\u00edas antes de viajar y durante el viaje.<\/p>\n<p style=\"font-size: 23px; margin-bottom: 20px; margin-top: 20px;\"><strong>\u00bfPor cu\u00e1nto tiempo puedo tomar Bulardi Probi\u00f3tico?<\/strong><\/p>\n<p>Bulardi Probi\u00f3tico no tiene efectos secundarios, por lo tanto, se puede tomar de forma indefinida.<\/p>\n<p style=\"font-size: 23px; margin-bottom: 20px; margin-top: 20px;\"><strong>\u00bfTengo que tomar Bulardi Probi\u00f3tico\u00a0con la comida?<\/strong><\/p>\n<p>Bulardi Probi\u00f3tico se puede tomar\u00a0independientemente de la ingesta de alimentos..<\/p>\n<p style=\"font-size: 23px; margin-bottom: 20px; margin-top: 20px;\"><strong>Tengo problemas al tragar las c\u00e1psulas, \u00bfpuedo disolver la c\u00e1psula y consumir la sustancia con agua o jugo?<\/strong><\/p>\n<p>Por supuesto, se puede disolver y mezclar en jugo o agua.<\/p>\n<p><span><strong>\u00bfC\u00f3mo usar\u00a0Bulardi Probi\u00f3tico?<\/strong><\/span><\/p>\n<p><strong>En caso de diarrea:\u00a0\u00a0<\/strong>\u00a0 \u00a0 \u00a0 \u00a0 \u00a0 \u00a0 \u00a0 \u00a0 \u00a0 \u00a0 \u00a0 \u00a0 \u00a01 c\u00e1psula por la ma\u00f1ana y 1 c\u00e1psula por la noche<br \/>\n<strong>Con antibi\u00f3ticos:\u00a0\u00a0\u00a0\u00a0\u00a0<\/strong>\u00a0 \u00a0 \u00a0 \u00a0 \u00a0 \u00a0 \u00a0 \u00a0 \u00a0 \u00a0 \u00a0 \u00a0 \u00a0 1 c\u00e1psula por la ma\u00f1ana<br \/>\n<strong>Antes de viajar:\u00a0\u00a0\u00a0\u00a0\u00a0<\/strong>\u00a0 \u00a0 \u00a0 \u00a0 \u00a0 \u00a0 \u00a0 \u00a0 \u00a0 \u00a0 \u00a0 \u00a0 \u00a0 \u00a0 1\u00a0c\u00e1psula por las ma\u00f1anas, durante 5 d\u00edas<br \/>\n<strong>Durante el viaje:\u00a0\u00a0\u00a0\u00a0\u00a0\u00a0\u00a0\u00a0\u00a0\u00a0\u00a0<\/strong>\u00a0 \u00a0 \u00a0 \u00a0 \u00a0 \u00a0 \u00a0 \u00a0 \u00a0 \u00a0 \u00a01 c\u00e1psula diaria<br \/>\n<strong>Ni\u00f1os hasta los doce a\u00f1os:<\/strong>\u00a0 \u00a0 \u00a0 \u00a0 \u00a0 \u00a0 1\u00a0c\u00e1psula diaria[\/et_pb_blurb][\/et_pb_column][\/et_pb_row][\/et_pb_section]<\/p>\n","protected":false},"excerpt":{"rendered":"<p>\u00bfSe puede tomar Bulardi Probi\u00f3tico simult\u00e1neamente con antibi\u00f3ticos? Bulardi Probi\u00f3tico se puede utilizar simult\u00e1neamente con los antibi\u00f3ticos, debido a que contiene la levadura Saccharomyces Boluardii lo cual es absolutamente resistente a ellos. Bulardi\u00a0Probi\u00f3tico protege la flora intestinal durante la terapia con antibi\u00f3ticos. La aparici\u00f3n de la diarrea causada por antibi\u00f3ticos, se debe a que los [&hellip;]<\/p>\n","protected":false},"author":15,"featured_media":0,"parent":0,"menu_order":0,"comment_status":"closed","ping_status":"closed","template":"","meta":{"_et_pb_use_builder":"on","_et_pb_old_content":"","_et_gb_content_width":"","footnotes":""},"class_list":["post-1878","page","type-page","status-publish","hentry"],"yoast_head":"<!-- This site is optimized with the Yoast SEO plugin v27.4 - https:\/\/yoast.com\/product\/yoast-seo-wordpress\/ -->\n<title>Preguntas frecuentes - Bulardi Probiotik<\/title>\n<meta name=\"robots\" content=\"index, follow, max-snippet:-1, max-image-preview:large, max-video-preview:-1\" \/>\n<link rel=\"canonical\" href=\"https:\/\/bulardi.com\/es\/preguntas-frecuentes\/\" \/>\n<meta property=\"og:locale\" content=\"es_ES\" \/>\n<meta property=\"og:type\" content=\"article\" \/>\n<meta property=\"og:title\" content=\"Preguntas frecuentes - Bulardi Probiotik\" \/>\n<meta property=\"og:description\" content=\"\u00bfSe puede tomar Bulardi Probi\u00f3tico simult\u00e1neamente con antibi\u00f3ticos? Bulardi Probi\u00f3tico se puede utilizar simult\u00e1neamente con los antibi\u00f3ticos, debido a que contiene la levadura Saccharomyces Boluardii lo cual es absolutamente resistente a ellos. Bulardi\u00a0Probi\u00f3tico protege la flora intestinal durante la terapia con antibi\u00f3ticos. La aparici\u00f3n de la diarrea causada por antibi\u00f3ticos, se debe a que los [&hellip;]\" \/>\n<meta property=\"og:url\" content=\"https:\/\/bulardi.com\/es\/preguntas-frecuentes\/\" \/>\n<meta property=\"og:site_name\" content=\"Bulardi Probiotik\" \/>\n<meta property=\"article:modified_time\" content=\"2018-03-30T08:19:45+00:00\" \/>\n<meta name=\"twitter:card\" content=\"summary_large_image\" \/>\n<meta name=\"twitter:label1\" content=\"Tiempo de lectura\" \/>\n\t<meta name=\"twitter:data1\" content=\"4 minutos\" \/>\n<script type=\"application\/ld+json\" class=\"yoast-schema-graph\">{\"@context\":\"https:\\\/\\\/schema.org\",\"@graph\":[{\"@type\":\"WebPage\",\"@id\":\"https:\\\/\\\/bulardi.com\\\/es\\\/preguntas-frecuentes\\\/\",\"url\":\"https:\\\/\\\/bulardi.com\\\/es\\\/preguntas-frecuentes\\\/\",\"name\":\"Preguntas frecuentes - Bulardi Probiotik\",\"isPartOf\":{\"@id\":\"https:\\\/\\\/bulardi.com\\\/#website\"},\"datePublished\":\"2018-01-11T08:21:34+00:00\",\"dateModified\":\"2018-03-30T08:19:45+00:00\",\"breadcrumb\":{\"@id\":\"https:\\\/\\\/bulardi.com\\\/es\\\/preguntas-frecuentes\\\/#breadcrumb\"},\"inLanguage\":\"es\",\"potentialAction\":[{\"@type\":\"ReadAction\",\"target\":[\"https:\\\/\\\/bulardi.com\\\/es\\\/preguntas-frecuentes\\\/\"]}]},{\"@type\":\"BreadcrumbList\",\"@id\":\"https:\\\/\\\/bulardi.com\\\/es\\\/preguntas-frecuentes\\\/#breadcrumb\",\"itemListElement\":[{\"@type\":\"ListItem\",\"position\":1,\"name\":\"Home\",\"item\":\"https:\\\/\\\/bulardi.com\\\/es\\\/\"},{\"@type\":\"ListItem\",\"position\":2,\"name\":\"Preguntas frecuentes\"}]},{\"@type\":\"WebSite\",\"@id\":\"https:\\\/\\\/bulardi.com\\\/#website\",\"url\":\"https:\\\/\\\/bulardi.com\\\/\",\"name\":\"Bulardi Probiotik\",\"description\":\"Broj 1 protiv dijareje\",\"potentialAction\":[{\"@type\":\"SearchAction\",\"target\":{\"@type\":\"EntryPoint\",\"urlTemplate\":\"https:\\\/\\\/bulardi.com\\\/?s={search_term_string}\"},\"query-input\":{\"@type\":\"PropertyValueSpecification\",\"valueRequired\":true,\"valueName\":\"search_term_string\"}}],\"inLanguage\":\"es\"}]}<\/script>\n<!-- \/ Yoast SEO plugin. -->","yoast_head_json":{"title":"Preguntas frecuentes - Bulardi Probiotik","robots":{"index":"index","follow":"follow","max-snippet":"max-snippet:-1","max-image-preview":"max-image-preview:large","max-video-preview":"max-video-preview:-1"},"canonical":"https:\/\/bulardi.com\/es\/preguntas-frecuentes\/","og_locale":"es_ES","og_type":"article","og_title":"Preguntas frecuentes - Bulardi Probiotik","og_description":"\u00bfSe puede tomar Bulardi Probi\u00f3tico simult\u00e1neamente con antibi\u00f3ticos? Bulardi Probi\u00f3tico se puede utilizar simult\u00e1neamente con los antibi\u00f3ticos, debido a que contiene la levadura Saccharomyces Boluardii lo cual es absolutamente resistente a ellos. Bulardi\u00a0Probi\u00f3tico protege la flora intestinal durante la terapia con antibi\u00f3ticos. La aparici\u00f3n de la diarrea causada por antibi\u00f3ticos, se debe a que los [&hellip;]","og_url":"https:\/\/bulardi.com\/es\/preguntas-frecuentes\/","og_site_name":"Bulardi Probiotik","article_modified_time":"2018-03-30T08:19:45+00:00","twitter_card":"summary_large_image","twitter_misc":{"Tiempo de lectura":"4 minutos"},"schema":{"@context":"https:\/\/schema.org","@graph":[{"@type":"WebPage","@id":"https:\/\/bulardi.com\/es\/preguntas-frecuentes\/","url":"https:\/\/bulardi.com\/es\/preguntas-frecuentes\/","name":"Preguntas frecuentes - Bulardi Probiotik","isPartOf":{"@id":"https:\/\/bulardi.com\/#website"},"datePublished":"2018-01-11T08:21:34+00:00","dateModified":"2018-03-30T08:19:45+00:00","breadcrumb":{"@id":"https:\/\/bulardi.com\/es\/preguntas-frecuentes\/#breadcrumb"},"inLanguage":"es","potentialAction":[{"@type":"ReadAction","target":["https:\/\/bulardi.com\/es\/preguntas-frecuentes\/"]}]},{"@type":"BreadcrumbList","@id":"https:\/\/bulardi.com\/es\/preguntas-frecuentes\/#breadcrumb","itemListElement":[{"@type":"ListItem","position":1,"name":"Home","item":"https:\/\/bulardi.com\/es\/"},{"@type":"ListItem","position":2,"name":"Preguntas frecuentes"}]},{"@type":"WebSite","@id":"https:\/\/bulardi.com\/#website","url":"https:\/\/bulardi.com\/","name":"Bulardi Probiotik","description":"Broj 1 protiv dijareje","potentialAction":[{"@type":"SearchAction","target":{"@type":"EntryPoint","urlTemplate":"https:\/\/bulardi.com\/?s={search_term_string}"},"query-input":{"@type":"PropertyValueSpecification","valueRequired":true,"valueName":"search_term_string"}}],"inLanguage":"es"}]}},"_links":{"self":[{"href":"https:\/\/bulardi.com\/es\/wp-json\/wp\/v2\/pages\/1878","targetHints":{"allow":["GET"]}}],"collection":[{"href":"https:\/\/bulardi.com\/es\/wp-json\/wp\/v2\/pages"}],"about":[{"href":"https:\/\/bulardi.com\/es\/wp-json\/wp\/v2\/types\/page"}],"author":[{"embeddable":true,"href":"https:\/\/bulardi.com\/es\/wp-json\/wp\/v2\/users\/15"}],"replies":[{"embeddable":true,"href":"https:\/\/bulardi.com\/es\/wp-json\/wp\/v2\/comments?post=1878"}],"version-history":[{"count":2,"href":"https:\/\/bulardi.com\/es\/wp-json\/wp\/v2\/pages\/1878\/revisions"}],"predecessor-version":[{"id":1929,"href":"https:\/\/bulardi.com\/es\/wp-json\/wp\/v2\/pages\/1878\/revisions\/1929"}],"wp:attachment":[{"href":"https:\/\/bulardi.com\/es\/wp-json\/wp\/v2\/media?parent=1878"}],"curies":[{"name":"wp","href":"https:\/\/api.w.org\/{rel}","templated":true}]}}