{"id":1875,"date":"2018-01-11T08:22:18","date_gmt":"2018-01-11T08:22:18","guid":{"rendered":"http:\/\/bulardi.tensilen.rs\/iskustva-korisnika\/"},"modified":"2018-04-02T12:36:27","modified_gmt":"2018-04-02T12:36:27","slug":"testimonios","status":"publish","type":"page","link":"https:\/\/bulardi.com\/es\/testimonios\/","title":{"rendered":"Testimonios"},"content":{"rendered":"<p>[et_pb_section fb_built=\u00bb1&#8243; admin_label=\u00bbsection\u00bb _builder_version=\u00bb3.0.47&#8243; custom_padding=\u00bb54px|0px|0px|0px\u00bb][et_pb_row custom_padding=\u00bb27px|0px|0px|0px\u00bb admin_label=\u00bbrow\u00bb _builder_version=\u00bb3.0.47&#8243; background_size=\u00bbinitial\u00bb background_position=\u00bbtop_left\u00bb background_repeat=\u00bbrepeat\u00bb][et_pb_column type=\u00bb4_4&#8243; _builder_version=\u00bb3.0.47&#8243; parallax=\u00bboff\u00bb parallax_method=\u00bbon\u00bb][et_pb_blurb title=\u00bbTestimonios\u00bb _builder_version=\u00bb3.0.106&#8243; header_level=\u00bbh1&#8243; header_font=\u00bb||||||||\u00bb header_text_align=\u00bbcenter\u00bb header_font_size=\u00bb40px\u00bb][\/et_pb_blurb][\/et_pb_column][\/et_pb_row][\/et_pb_section][et_pb_section fb_built=\u00bb1&#8243; admin_label=\u00bbsection\u00bb _builder_version=\u00bb3.0.47&#8243;][et_pb_row admin_label=\u00bbrow\u00bb _builder_version=\u00bb3.0.47&#8243; background_size=\u00bbinitial\u00bb background_position=\u00bbtop_left\u00bb background_repeat=\u00bbrepeat\u00bb][et_pb_column type=\u00bb4_4&#8243; _builder_version=\u00bb3.0.47&#8243; parallax=\u00bboff\u00bb parallax_method=\u00bbon\u00bb][et_pb_accordion _builder_version=\u00bb3.0.106&#8243; toggle_font=\u00bb||||||||\u00bb][et_pb_accordion_item title=\u00bbHombre, 69 a\u00f1os.\u00bb open=\u00bbon\u00bb _builder_version=\u00bb3.0.106&#8243; title_text_shadow_horizontal_length=\u00bb0em\u00bb title_text_shadow_vertical_length=\u00bb0em\u00bb title_text_shadow_blur_strength=\u00bb0em\u00bb body_text_shadow_horizontal_length=\u00bb0em\u00bb body_text_shadow_vertical_length=\u00bb0em\u00bb body_text_shadow_blur_strength=\u00bb0em\u00bb]Hace 3 a\u00f1os, mi marido tuvo una cirug\u00eda de triple bypass. La cirug\u00eda se realiz\u00f3 sin problemas, pero cuando lo trasladaron a otro hospital, sus medicamentos le irritaron el est\u00f3mago y le dio diarrea cr\u00f3nica durante meses y perdi\u00f3 m\u00e1s de 18kg durante este per\u00edodo horrible. Despu\u00e9s de un tiempo sali\u00f3 del hospital por su cuenta, pero inmediatamente le dio fiebre. Se convirti\u00f3 en una sombra de lo que fue. En lugar de descansar, sufr\u00eda diariamente en el asiento del inodoro. La batalla con los problemas estomacales cr\u00f3nicos era interminable, dolorosa y vergonzosa. Yo estaba muy preocupada por mi marido, y continuamente buscaba una soluci\u00f3n. Un d\u00eda le\u00ed un estudio acerca de problemas estomacales de un profesor local de medicina. Fui directamente a \u00e9l para preguntarle qu\u00e9 acciones podemos tomar para poner fin al sufrimiento de mi marido. \u00c9l nos recomend\u00f3 comenzar con un producto llamado Bulardi Probi\u00f3tico. S\u00f3lo despu\u00e9s de un par de c\u00e1psulas los s\u00edntomas empezaron a disiparse y al cabo de unos d\u00edas desaparecieron.[\/et_pb_accordion_item][et_pb_accordion_item title=\u00bbHombre, 18 a\u00f1os.\u00bb _builder_version=\u00bb3.0.106&#8243; title_text_shadow_horizontal_length=\u00bb0em\u00bb title_text_shadow_vertical_length=\u00bb0em\u00bb title_text_shadow_blur_strength=\u00bb0em\u00bb body_text_shadow_horizontal_length=\u00bb0em\u00bb body_text_shadow_vertical_length=\u00bb0em\u00bb body_text_shadow_blur_strength=\u00bb0em\u00bb open=\u00bboff\u00bb]Durante un mes tuve problemas de diarrea cr\u00f3nica, iba al ba\u00f1o hasta 6 veces al d\u00eda. Los an\u00e1lisis no mostraron Coprocultivo y Candida en las heces. Los resultados m\u00e9dicos no mostraron enfermedades org\u00e1nicas o hereditarias. He probado todos los productos en el mercado, pero obtuve poco o ning\u00fan alivio. Mi primo me recomend\u00f3 probar Bulardi Probi\u00f3tico. Tres d\u00edas m\u00e1s tarde, mis s\u00edntomas comenzaron a desaparecer. Continu\u00e9 usando Bulardi Probi\u00f3tico por otros 15 d\u00edas, y cuando los s\u00ednotmas desaparecieron completamente, empec\u00e9 con las c\u00e1psulas Flobian. Ahora me siento muy bien y recuper\u00e9 mi peso de nuevo.[\/et_pb_accordion_item][et_pb_accordion_item title=\u00bbMujer, 29 a\u00f1os, doctora\u00bb _builder_version=\u00bb3.0.106&#8243; title_text_shadow_horizontal_length=\u00bb0em\u00bb title_text_shadow_vertical_length=\u00bb0em\u00bb title_text_shadow_blur_strength=\u00bb0em\u00bb body_text_shadow_horizontal_length=\u00bb0em\u00bb body_text_shadow_vertical_length=\u00bb0em\u00bb body_text_shadow_blur_strength=\u00bb0em\u00bb open=\u00bboff\u00bb]Hace unos d\u00edas tuve fiebre, n\u00e1useas, v\u00f3mitos y diarrea. Pens\u00e9 que nunca parar\u00eda y al d\u00eda siguiente ten\u00eda unas tareas muy importantes en mi trabajo. En la ma\u00f1ana cuando me levant\u00e9, todos los s\u00edntomas segu\u00edan all\u00ed. Tom\u00e9 una c\u00e1psula de Bulardi Probi\u00f3tico. Ese d\u00eda ni siquiera tuve que ir al ba\u00f1o, y por la noche tom\u00e9 otra c\u00e1psula de Bulardi Probi\u00f3tico por si acaso y el problema con la diarrea se resolvi\u00f3.[\/et_pb_accordion_item][et_pb_accordion_item title=\u00bbHombre, 70 a\u00f1os\u00bb _builder_version=\u00bb3.0.106&#8243; title_text_shadow_horizontal_length=\u00bb0em\u00bb title_text_shadow_vertical_length=\u00bb0em\u00bb title_text_shadow_blur_strength=\u00bb0em\u00bb body_text_shadow_horizontal_length=\u00bb0em\u00bb body_text_shadow_vertical_length=\u00bb0em\u00bb body_text_shadow_blur_strength=\u00bb0em\u00bb open=\u00bboff\u00bb]Tuve una cirug\u00eda en la vejiga a causa de un tumor, despu\u00e9s de la cual me enviaron a quimioterapia y radiaci\u00f3n. Durante el tratamiento me dio diarrea y de inmediato el doctor y el ur\u00f3logo me aconsejaron tomar Bulardi Probi\u00f3tico dos veces por d\u00eda. La situaci\u00f3n mejor\u00f3 r\u00e1pidamente y la diarrea ces\u00f3 por completo despu\u00e9s de 7 d\u00edas de uso.[\/et_pb_accordion_item][et_pb_accordion_item title=\u00bbMujer, 78 a\u00f1os\u00bb _builder_version=\u00bb3.0.106&#8243; title_text_shadow_horizontal_length=\u00bb0em\u00bb title_text_shadow_vertical_length=\u00bb0em\u00bb title_text_shadow_blur_strength=\u00bb0em\u00bb body_text_shadow_horizontal_length=\u00bb0em\u00bb body_text_shadow_vertical_length=\u00bb0em\u00bb body_text_shadow_blur_strength=\u00bb0em\u00bb open=\u00bboff\u00bb]Durante los \u00faltimos 8 meses tuve diarrea leve por lo que ten\u00eda que ir al ba\u00f1o tres a cuatro veces por d\u00eda. Todos los an\u00e1lisis y pruebas realizadas indicaron que no se deb\u00eda a causas gen\u00e9ticas. Durante este horrible per\u00edodo perd\u00ed 13kg. Los m\u00e9dicos no ayudaron mucho, me dijeron que necesitaba rehidratarme y cambiar mi alimentaci\u00f3n. Despu\u00e9s de cada comida me daba diarrea, por lo que al final dej\u00e9 de alimentarme regularmente. Dej\u00e9 de salir de casa, para que no me sorprendiera mientras estaba afuera. Cuando mi hija me vio despu\u00e9s de un per\u00edodo largo de tiempo, ella se sorprendi\u00f3 por mi apariencia. Poco tiempo despu\u00e9s de comenc\u00e9 a tomar Bulardi Probi\u00f3tico (una c\u00e1psula por d\u00eda) y Flobian, la diarrea se detuvo. Contin\u00fae con la terapia, y pronto sent\u00ed el deseo y coraje para comer algo, sin temer a la diarrea que vendr\u00eda inmediatamente despu\u00e9s de comer. Ahora, tres meses despu\u00e9s de la toma de los productos Flobian y Bulardi Probi\u00f3tico, me siento mucho mejor. Tengo 3kg m\u00e1s de peso, mi palidez desapareci\u00f3, siempre estoy de buen humor como sol\u00eda estar antes de mi gran problema. Hoy en d\u00eda, camino a menudo y comparto mi historia sobre el producto que me salv\u00f3 la vida. Espero que nadie pasa por estas situaciones sin Bulardi.[\/et_pb_accordion_item][et_pb_accordion_item title=\u00bbHombre, 67 a\u00f1os\u00bb _builder_version=\u00bb3.0.106&#8243; title_text_shadow_horizontal_length=\u00bb0em\u00bb title_text_shadow_vertical_length=\u00bb0em\u00bb title_text_shadow_blur_strength=\u00bb0em\u00bb body_text_shadow_horizontal_length=\u00bb0em\u00bb body_text_shadow_vertical_length=\u00bb0em\u00bb body_text_shadow_blur_strength=\u00bb0em\u00bb open=\u00bboff\u00bb]Tengo diabetes juvenil. Debido a las complicaciones de la enfermedad, me amputaron el muslo y me resulta dif\u00edcil moverme y a menudo dependo de la ayuda de otros. Recientemente tuve diarrea (enterocolitis diab\u00e9tica), ten\u00eda varias deposiciones acuosas en un d\u00eda, e ir al ba\u00f1o representa para m\u00ed un gran problema. Un m\u00e9dico me recet\u00f3 tomar las c\u00e1psulas Bulardi Probi\u00f3tico. Tom\u00e9 2 c\u00e1psulas al d\u00eda, pero lo mejor fue que la diarrea se detuvo el mismo d\u00eda.[\/et_pb_accordion_item][et_pb_accordion_item title=\u00bbHombre, 46 a\u00f1os, Ingeniero de Bioqu\u00edmica\u00bb _builder_version=\u00bb3.0.106&#8243; title_text_shadow_horizontal_length=\u00bb0em\u00bb title_text_shadow_vertical_length=\u00bb0em\u00bb title_text_shadow_blur_strength=\u00bb0em\u00bb body_text_shadow_horizontal_length=\u00bb0em\u00bb body_text_shadow_vertical_length=\u00bb0em\u00bb body_text_shadow_blur_strength=\u00bb0em\u00bb open=\u00bboff\u00bb]Bulardi simplemente funciona. Mi condici\u00f3n me impide tomar cualquier producto que interfiera con los antibi\u00f3ticos, de ah\u00ed que Bulardi Probi\u00f3tico era mi \u00fanica opci\u00f3n. Su efecto fue inmediato y sin efectos secundarios que impidieran el tratamiento de mi condici\u00f3n. En esta ocasi\u00f3n simplemente quiero agradecer a Bulardi por ayudarme. Ojal\u00e1 que nadie tenga problemas con la diarrea que me estaba molestando.[\/et_pb_accordion_item][et_pb_accordion_item title=\u00bbMujer, 60 a\u00f1os, enfermera\u00bb _builder_version=\u00bb3.0.106&#8243; title_text_shadow_horizontal_length=\u00bb0em\u00bb title_text_shadow_vertical_length=\u00bb0em\u00bb title_text_shadow_blur_strength=\u00bb0em\u00bb body_text_shadow_horizontal_length=\u00bb0em\u00bb body_text_shadow_vertical_length=\u00bb0em\u00bb body_text_shadow_blur_strength=\u00bb0em\u00bb open=\u00bboff\u00bb]<\/p>\n<p><span>Al llegar al trabajo sent\u00ed dolor de est\u00f3mago, n\u00e1useas y debilidad. Me dio fiebre y por la tarde la diarrea fuerte. Tom\u00e9 2 c\u00e1psulas de Bulardi Probi\u00f3tico y la diarrea se detuvo de inmediato. Al d\u00eda siguiente ya me sent\u00eda mucho mejor, la deposiciones se normalizaron y al segundo d\u00eda estaba listo para volver al trabajo.<\/span><\/p>\n<p>[\/et_pb_accordion_item][et_pb_accordion_item title=\u00bbMujer, 83 a\u00f1os\u00bb _builder_version=\u00bb3.0.106&#8243; title_text_shadow_horizontal_length=\u00bb0em\u00bb title_text_shadow_vertical_length=\u00bb0em\u00bb title_text_shadow_blur_strength=\u00bb0em\u00bb body_text_shadow_horizontal_length=\u00bb0em\u00bb body_text_shadow_vertical_length=\u00bb0em\u00bb body_text_shadow_blur_strength=\u00bb0em\u00bb open=\u00bboff\u00bb]<\/p>\n<p><span>Hace cinco meses tuve una fractura de pelvis. Despu\u00e9s de la hospitalizaci\u00f3n, fui a una cl\u00ednica de rehabilitaci\u00f3n. Debido a las recientes infecciones en las v\u00edas urinarias (los m\u00e9dicos aplicaron el cat\u00e9ter), tuve un tratamiento prolongado con antibi\u00f3ticos. Despu\u00e9s de un mes de tratamiento con antibi\u00f3ticos, la diarrea me pill\u00f3 con la guardia baja (7 deposiciones por d\u00eda aprox.) y empec\u00e9 a usar Bulardi Probi\u00f3tico (2 c\u00e1psulas por d\u00eda). En total tom\u00e9 tres cajas de Bulardi Probi\u00f3tico y las heces se regularon. Despu\u00e9s de salir del hospital, me dio neumon\u00eda que tambi\u00e9n se trata con antibi\u00f3ticos, poco despu\u00e9s, aparecieron los primeros s\u00edntomas de diarrea (heces blandas). Esta vez me estaba preparada y lista. Empec\u00e9 de nuevo a usar Bulardi y mi est\u00f3mago regres\u00f3 a su estado normal r\u00e1pidamente. Me recuper\u00e9 completamente.<\/span><\/p>\n<p>[\/et_pb_accordion_item][et_pb_accordion_item title=\u00bbMujer, 73 a\u00f1os\u00bb _builder_version=\u00bb3.0.106&#8243; title_text_shadow_horizontal_length=\u00bb0em\u00bb title_text_shadow_vertical_length=\u00bb0em\u00bb title_text_shadow_blur_strength=\u00bb0em\u00bb body_text_shadow_horizontal_length=\u00bb0em\u00bb body_text_shadow_vertical_length=\u00bb0em\u00bb body_text_shadow_blur_strength=\u00bb0em\u00bb open=\u00bboff\u00bb]<\/p>\n<p><span>Tuve una cirug\u00eda y el tratamiento post operativo fue perfecto. Me trataron con antibi\u00f3ticos fuertes y durante 5 d\u00edas no tuve problemas. Soy vieja y mi est\u00f3mago no pudo soportar ese tipo de medicamentos fuertes. Me dieron de alta y me fui a casa, pero mis problemas estomacales empeoraron. Yo estaba constantemente en el ba\u00f1o y ten\u00eda fuertes dolores de est\u00f3mago que no me dejaban ni un solo segundo. Fui reingresada en el hospital. Los m\u00e9dicos encontraron la causa en unas bacterias fuertes. Tuve que permanecer en el hospital por seis d\u00edas. Por suerte uno de los m\u00e9dicos sab\u00eda de Bulardi Probi\u00f3tico y me lo prescribi\u00f3 como base de la terapia junto con otros medicamentos fuertes que eran necesarios en mi condici\u00f3n. Cuando me dieron de alta y cuando la terapia hab\u00eda terminado, el m\u00e9dico me aconsej\u00f3 seguir tomando el famoso remedio, hasta que mi condici\u00f3n volviera a la normalidad. Poco a poco volv\u00ed de nuevo a los alimentos que empec\u00e9 a comer antes de la cirug\u00eda. Por suerte todo ha vuelto a la normalidad. Fue una de las experiencias m\u00e1s horribles de mi vida. Desde entonces, en\u00a0mi casa nunca falta Bulardi Probi\u00f3tico.<\/span><\/p>\n<p>[\/et_pb_accordion_item][et_pb_accordion_item title=\u00bbMujer, doctora\u00bb _builder_version=\u00bb3.0.106&#8243; title_text_shadow_horizontal_length=\u00bb0em\u00bb title_text_shadow_vertical_length=\u00bb0em\u00bb title_text_shadow_blur_strength=\u00bb0em\u00bb body_text_shadow_horizontal_length=\u00bb0em\u00bb body_text_shadow_vertical_length=\u00bb0em\u00bb body_text_shadow_blur_strength=\u00bb0em\u00bb open=\u00bboff\u00bb]<\/p>\n<p><span>Mi hija tiene dos a\u00f1os. Debido a su enfermedad ten\u00edamos que incluir antibi\u00f3ticos en su terapia. En esos d\u00edas la terapia con vitaminas hab\u00eda aumentado, el uso de antibi\u00f3ticos le dio como resultado diarrea. A causa de la diarrea, le di una c\u00e1psula Bulardi Probi\u00f3tico. La diarrea se detuvo despu\u00e9s de una hora. Al d\u00eda siguiente le di otra c\u00e1psula Bulardi Probi\u00f3tico. Ya no tiene ning\u00fan problema de est\u00f3mago. Estaba muy asustada por mi hija.<\/span><\/p>\n<p>[\/et_pb_accordion_item][et_pb_accordion_item title=\u00bbHombre, 48 a\u00f1os\u00bb _builder_version=\u00bb3.0.106&#8243; title_text_shadow_horizontal_length=\u00bb0em\u00bb title_text_shadow_vertical_length=\u00bb0em\u00bb title_text_shadow_blur_strength=\u00bb0em\u00bb body_text_shadow_horizontal_length=\u00bb0em\u00bb body_text_shadow_vertical_length=\u00bb0em\u00bb body_text_shadow_blur_strength=\u00bb0em\u00bb open=\u00bboff\u00bb]<\/p>\n<p><span>Todo sucedi\u00f3 antes de un importante viaje de negocios. Dolor abdominal, evacuaciones repentinas, agotadoras y frecuentas visitas al ba\u00f1o. Cada actividad era interrumpida. Lo \u00fanico en lo que pod\u00eda centrarme era en la urgencia de llegar al ba\u00f1o. Y cuando estaba por cancelar una reuni\u00f3n prevista, un colega me dio dos c\u00e1psulas de Bulardi Probi\u00f3tico. Poco despu\u00e9s, mis visitas frecuentes al ba\u00f1o se detuvieron. Sent\u00ed malestar estomacal durante alg\u00fan tiempo, pero despu\u00e9s de una o dos horas, la situaci\u00f3n mejor\u00f3 por completo. Por la noche tom\u00e9 de nuevo Bulardi Probi\u00f3tico, para asegurar que el problema no volviera por la ma\u00f1ana y pudiera irme de viaje. Desde entonces se lo recomiendo a todos.<\/span><\/p>\n<p>[\/et_pb_accordion_item][et_pb_accordion_item title=\u00bbHombre, 27 a\u00f1os.\u00bb _builder_version=\u00bb3.0.106&#8243; title_text_shadow_horizontal_length=\u00bb0em\u00bb title_text_shadow_vertical_length=\u00bb0em\u00bb title_text_shadow_blur_strength=\u00bb0em\u00bb body_text_shadow_horizontal_length=\u00bb0em\u00bb body_text_shadow_vertical_length=\u00bb0em\u00bb body_text_shadow_blur_strength=\u00bb0em\u00bb open=\u00bboff\u00bb]<\/p>\n<p><span>La vida puede ser ir\u00f3nica, y la iron\u00eda de esta historia es que sol\u00eda trabajar en una empresa que distribuye este producto. En septiembre tuve un congreso en cual est\u00e1bamos exponiendo el famoso Bulardi Probi\u00f3tico. Sin embargo tuve que volver a la ciudad para conseguir m\u00e1s muestras y material publicitario para el congreso. Me alej\u00e9 durante unos kil\u00f3metros cuando el est\u00f3mago empez\u00f3 a molestarme. Tuve que hacer varias paradas en cada estaci\u00f3n de servicio con el fin de sentir alivio. Era embarazoso, porque ten\u00eda a una enfermera bastante bonita en mi coche, a quien tuve que admitir que ten\u00eda diarrea. Tan pronto como llegu\u00e9 a casa tom\u00e9 dos c\u00e1psulas de Bulardi Probi\u00f3tico. Despu\u00e9s de una hora se me calmo el est\u00f3mago, por lo que pude dormir bien esa noche. En la ma\u00f1ana me tom\u00e9 dos m\u00e1s y todo fue bien. Desde entonces, siempre tengo una caja extra en el coche, para no ser sorprendido.<\/span><\/p>\n<p>[\/et_pb_accordion_item][et_pb_accordion_item title=\u00bbHombre, 38 a\u00f1os\u00bb _builder_version=\u00bb3.0.106&#8243; title_text_shadow_horizontal_length=\u00bb0em\u00bb title_text_shadow_vertical_length=\u00bb0em\u00bb title_text_shadow_blur_strength=\u00bb0em\u00bb body_text_shadow_horizontal_length=\u00bb0em\u00bb body_text_shadow_vertical_length=\u00bb0em\u00bb body_text_shadow_blur_strength=\u00bb0em\u00bb open=\u00bboff\u00bb]<\/p>\n<p><span>Me despert\u00e9 con dolor abdominal, dolor de espalda y la urgente necesidad de correr al ba\u00f1o. Debido a mis compromisos de trabajo no pod\u00eda faltar a la oficina. No fue un problema temporal y la agon\u00eda continu\u00f3. Ten\u00eda que ir al ba\u00f1o muy a menudo y me sent\u00ed muy mal. Sin embargo, como soy una de esas personas a las que no les gusta beber tabletas, pens\u00e9 que el problema se detendr\u00eda por s\u00ed mismo. Yo estaba terriblemente p\u00e1lido y mis colegas literalmente me obligaron a tomar Bulardi Probi\u00f3tico. Ellos disolvieron dos c\u00e1psulas en un poco de agua y me las tom\u00e9 sin problemas. Despu\u00e9s de s\u00f3lo una hora me sent\u00ed mucho mejor. Las idas al ba\u00f1o frecuentes comenzaron a desaparecer, y al d\u00eda siguiente no tuve m\u00e1s problemas. Estoy seguro de que la pr\u00f3xima vez no voy a dejar a mi est\u00f3mago sufrir y voy a actuar m\u00e1s r\u00e1pido.<\/span><\/p>\n<p>[\/et_pb_accordion_item][\/et_pb_accordion][\/et_pb_column][\/et_pb_row][\/et_pb_section]<\/p>\n","protected":false},"excerpt":{"rendered":"<p>Hace 3 a\u00f1os, mi marido tuvo una cirug\u00eda de triple bypass. La cirug\u00eda se realiz\u00f3 sin problemas, pero cuando lo trasladaron a otro hospital, sus medicamentos le irritaron el est\u00f3mago y le dio diarrea cr\u00f3nica durante meses y perdi\u00f3 m\u00e1s de 18kg durante este per\u00edodo horrible. Despu\u00e9s de un tiempo sali\u00f3 del hospital por su [&hellip;]<\/p>\n","protected":false},"author":15,"featured_media":0,"parent":0,"menu_order":0,"comment_status":"closed","ping_status":"closed","template":"","meta":{"_et_pb_use_builder":"on","_et_pb_old_content":"","_et_gb_content_width":"","footnotes":""},"class_list":["post-1875","page","type-page","status-publish","hentry"],"yoast_head":"<!-- This site is optimized with the Yoast SEO plugin v27.4 - https:\/\/yoast.com\/product\/yoast-seo-wordpress\/ -->\n<title>Testimonios - Bulardi Probiotik<\/title>\n<meta name=\"robots\" content=\"index, follow, max-snippet:-1, max-image-preview:large, max-video-preview:-1\" \/>\n<link rel=\"canonical\" href=\"https:\/\/bulardi.com\/es\/testimonios\/\" \/>\n<meta property=\"og:locale\" content=\"es_ES\" \/>\n<meta property=\"og:type\" content=\"article\" \/>\n<meta property=\"og:title\" content=\"Testimonios - Bulardi Probiotik\" \/>\n<meta property=\"og:description\" content=\"Hace 3 a\u00f1os, mi marido tuvo una cirug\u00eda de triple bypass. La cirug\u00eda se realiz\u00f3 sin problemas, pero cuando lo trasladaron a otro hospital, sus medicamentos le irritaron el est\u00f3mago y le dio diarrea cr\u00f3nica durante meses y perdi\u00f3 m\u00e1s de 18kg durante este per\u00edodo horrible. Despu\u00e9s de un tiempo sali\u00f3 del hospital por su [&hellip;]\" \/>\n<meta property=\"og:url\" content=\"https:\/\/bulardi.com\/es\/testimonios\/\" \/>\n<meta property=\"og:site_name\" content=\"Bulardi Probiotik\" \/>\n<meta property=\"article:modified_time\" content=\"2018-04-02T12:36:27+00:00\" \/>\n<meta name=\"twitter:card\" content=\"summary_large_image\" \/>\n<meta name=\"twitter:label1\" content=\"Tiempo de lectura\" \/>\n\t<meta name=\"twitter:data1\" content=\"13 minutos\" \/>\n<script type=\"application\/ld+json\" class=\"yoast-schema-graph\">{\"@context\":\"https:\\\/\\\/schema.org\",\"@graph\":[{\"@type\":\"WebPage\",\"@id\":\"https:\\\/\\\/bulardi.com\\\/es\\\/testimonios\\\/\",\"url\":\"https:\\\/\\\/bulardi.com\\\/es\\\/testimonios\\\/\",\"name\":\"Testimonios - Bulardi Probiotik\",\"isPartOf\":{\"@id\":\"https:\\\/\\\/bulardi.com\\\/#website\"},\"datePublished\":\"2018-01-11T08:22:18+00:00\",\"dateModified\":\"2018-04-02T12:36:27+00:00\",\"breadcrumb\":{\"@id\":\"https:\\\/\\\/bulardi.com\\\/es\\\/testimonios\\\/#breadcrumb\"},\"inLanguage\":\"es\",\"potentialAction\":[{\"@type\":\"ReadAction\",\"target\":[\"https:\\\/\\\/bulardi.com\\\/es\\\/testimonios\\\/\"]}]},{\"@type\":\"BreadcrumbList\",\"@id\":\"https:\\\/\\\/bulardi.com\\\/es\\\/testimonios\\\/#breadcrumb\",\"itemListElement\":[{\"@type\":\"ListItem\",\"position\":1,\"name\":\"Home\",\"item\":\"https:\\\/\\\/bulardi.com\\\/es\\\/\"},{\"@type\":\"ListItem\",\"position\":2,\"name\":\"Testimonios\"}]},{\"@type\":\"WebSite\",\"@id\":\"https:\\\/\\\/bulardi.com\\\/#website\",\"url\":\"https:\\\/\\\/bulardi.com\\\/\",\"name\":\"Bulardi Probiotik\",\"description\":\"Broj 1 protiv dijareje\",\"potentialAction\":[{\"@type\":\"SearchAction\",\"target\":{\"@type\":\"EntryPoint\",\"urlTemplate\":\"https:\\\/\\\/bulardi.com\\\/?s={search_term_string}\"},\"query-input\":{\"@type\":\"PropertyValueSpecification\",\"valueRequired\":true,\"valueName\":\"search_term_string\"}}],\"inLanguage\":\"es\"}]}<\/script>\n<!-- \/ Yoast SEO plugin. -->","yoast_head_json":{"title":"Testimonios - Bulardi Probiotik","robots":{"index":"index","follow":"follow","max-snippet":"max-snippet:-1","max-image-preview":"max-image-preview:large","max-video-preview":"max-video-preview:-1"},"canonical":"https:\/\/bulardi.com\/es\/testimonios\/","og_locale":"es_ES","og_type":"article","og_title":"Testimonios - Bulardi Probiotik","og_description":"Hace 3 a\u00f1os, mi marido tuvo una cirug\u00eda de triple bypass. La cirug\u00eda se realiz\u00f3 sin problemas, pero cuando lo trasladaron a otro hospital, sus medicamentos le irritaron el est\u00f3mago y le dio diarrea cr\u00f3nica durante meses y perdi\u00f3 m\u00e1s de 18kg durante este per\u00edodo horrible. Despu\u00e9s de un tiempo sali\u00f3 del hospital por su [&hellip;]","og_url":"https:\/\/bulardi.com\/es\/testimonios\/","og_site_name":"Bulardi Probiotik","article_modified_time":"2018-04-02T12:36:27+00:00","twitter_card":"summary_large_image","twitter_misc":{"Tiempo de lectura":"13 minutos"},"schema":{"@context":"https:\/\/schema.org","@graph":[{"@type":"WebPage","@id":"https:\/\/bulardi.com\/es\/testimonios\/","url":"https:\/\/bulardi.com\/es\/testimonios\/","name":"Testimonios - Bulardi Probiotik","isPartOf":{"@id":"https:\/\/bulardi.com\/#website"},"datePublished":"2018-01-11T08:22:18+00:00","dateModified":"2018-04-02T12:36:27+00:00","breadcrumb":{"@id":"https:\/\/bulardi.com\/es\/testimonios\/#breadcrumb"},"inLanguage":"es","potentialAction":[{"@type":"ReadAction","target":["https:\/\/bulardi.com\/es\/testimonios\/"]}]},{"@type":"BreadcrumbList","@id":"https:\/\/bulardi.com\/es\/testimonios\/#breadcrumb","itemListElement":[{"@type":"ListItem","position":1,"name":"Home","item":"https:\/\/bulardi.com\/es\/"},{"@type":"ListItem","position":2,"name":"Testimonios"}]},{"@type":"WebSite","@id":"https:\/\/bulardi.com\/#website","url":"https:\/\/bulardi.com\/","name":"Bulardi Probiotik","description":"Broj 1 protiv dijareje","potentialAction":[{"@type":"SearchAction","target":{"@type":"EntryPoint","urlTemplate":"https:\/\/bulardi.com\/?s={search_term_string}"},"query-input":{"@type":"PropertyValueSpecification","valueRequired":true,"valueName":"search_term_string"}}],"inLanguage":"es"}]}},"_links":{"self":[{"href":"https:\/\/bulardi.com\/es\/wp-json\/wp\/v2\/pages\/1875","targetHints":{"allow":["GET"]}}],"collection":[{"href":"https:\/\/bulardi.com\/es\/wp-json\/wp\/v2\/pages"}],"about":[{"href":"https:\/\/bulardi.com\/es\/wp-json\/wp\/v2\/types\/page"}],"author":[{"embeddable":true,"href":"https:\/\/bulardi.com\/es\/wp-json\/wp\/v2\/users\/15"}],"replies":[{"embeddable":true,"href":"https:\/\/bulardi.com\/es\/wp-json\/wp\/v2\/comments?post=1875"}],"version-history":[{"count":3,"href":"https:\/\/bulardi.com\/es\/wp-json\/wp\/v2\/pages\/1875\/revisions"}],"predecessor-version":[{"id":1951,"href":"https:\/\/bulardi.com\/es\/wp-json\/wp\/v2\/pages\/1875\/revisions\/1951"}],"wp:attachment":[{"href":"https:\/\/bulardi.com\/es\/wp-json\/wp\/v2\/media?parent=1875"}],"curies":[{"name":"wp","href":"https:\/\/api.w.org\/{rel}","templated":true}]}}