{"id":1874,"date":"2018-01-11T08:19:33","date_gmt":"2018-01-11T08:19:33","guid":{"rendered":"http:\/\/bulardi.tensilen.rs\/bulardi-junior-za-proliv-kod-dece\/"},"modified":"2018-07-09T09:09:21","modified_gmt":"2018-07-09T09:09:21","slug":"bulardi-probiotico-junior","status":"publish","type":"page","link":"https:\/\/bulardi.com\/es\/bulardi-probiotico-junior\/","title":{"rendered":"Bulardi Probi\u00f3tico Junior"},"content":{"rendered":"<p>[et_pb_section fb_built=\u00bb1&#8243; admin_label=\u00bbsection\u00bb _builder_version=\u00bb3.0.94&#8243; background_color=\u00bb#ba5402&#8243; custom_padding=\u00bb0|0px|0|0px|false|false\u00bb][et_pb_row make_fullwidth=\u00bbon\u00bb use_custom_gutter=\u00bbon\u00bb gutter_width=\u00bb1&#8243; _builder_version=\u00bb3.9&#8243; custom_padding=\u00bb0px|0px|0px|0px|false|false\u00bb custom_margin=\u00bb0px|0px|0px|0px\u00bb padding_top_1=\u00bb0px\u00bb padding_right_1=\u00bb0px\u00bb padding_bottom_1=\u00bb0px\u00bb padding_left_1=\u00bb0px\u00bb][et_pb_column type=\u00bb4_4&#8243; _builder_version=\u00bb3.9&#8243; padding_bottom=\u00bb0px\u00bb padding_left=\u00bb0px\u00bb padding_right=\u00bb0px\u00bb padding_top=\u00bb0px\u00bb parallax=\u00bboff\u00bb parallax_method=\u00bbon\u00bb][et_pb_image src=\u00bbhttps:\/\/bulardi.com\/wp-content\/uploads\/2018\/07\/BULARDI-JUNIOR-ESP.jpg\u00bb _builder_version=\u00bb3.9&#8243;][\/et_pb_image][\/et_pb_column][\/et_pb_row][\/et_pb_section][et_pb_section fb_built=\u00bb1&#8243; admin_label=\u00bbsection\u00bb _builder_version=\u00bb3.9&#8243; custom_padding=\u00bb0|0px|0|0px|false|false\u00bb][et_pb_row admin_label=\u00bbrow\u00bb _builder_version=\u00bb3.0.47&#8243; background_size=\u00bbinitial\u00bb background_position=\u00bbtop_left\u00bb background_repeat=\u00bbrepeat\u00bb][et_pb_column type=\u00bb1_2&#8243; _builder_version=\u00bb3.0.47&#8243; parallax=\u00bboff\u00bb parallax_method=\u00bbon\u00bb][et_pb_blurb title=\u00bbBulardi\u00ae Probi\u00f3tico Junior\u00bb _builder_version=\u00bb3.9&#8243; header_level=\u00bbh1&#8243; header_font=\u00bb||||||||\u00bb header_text_color=\u00bb#303030&#8243; animation_style=\u00bbslide\u00bb animation_direction=\u00bbleft\u00bb][\/et_pb_blurb][et_pb_blurb use_icon=\u00bbon\u00bb font_icon=\u00bb%%45%%\u00bb icon_color=\u00bb#4ba31a\u00bb icon_placement=\u00bbleft\u00bb _builder_version=\u00bb3.9&#8243; body_font=\u00bb||||||||\u00bb body_text_color=\u00bb#303030&#8243; body_font_size=\u00bb19px\u00bb animation_style=\u00bbslide\u00bb animation_direction=\u00bbleft\u00bb header_font=\u00bb||||||||\u00bb header_text_color=\u00bb#303030&#8243;]<strong>Dosis comprobada y efectiva:<\/strong><br \/>\n5 mil millones de Saccharomyces boulardii[\/et_pb_blurb][et_pb_blurb use_icon=\u00bbon\u00bb font_icon=\u00bb%%45%%\u00bb icon_color=\u00bb#4ba31a\u00bb icon_placement=\u00bbleft\u00bb _builder_version=\u00bb3.9&#8243; body_font=\u00bb||||||||\u00bb body_text_color=\u00bb#303030&#8243; body_font_size=\u00bb19px\u00bb animation_style=\u00bbslide\u00bb animation_direction=\u00bbleft\u00bb]<strong>El zinc reduce la gravedad y duraci\u00f3n de la diarrea:<\/strong><br \/>\ny adem\u00e1s fortalece el sistema inmune[\/et_pb_blurb][et_pb_blurb use_icon=\u00bbon\u00bb font_icon=\u00bb%%45%%\u00bb icon_color=\u00bb#4ba31a\u00bb icon_placement=\u00bbleft\u00bb _builder_version=\u00bb3.9&#8243; body_font=\u00bb||||||||\u00bb body_text_color=\u00bb#303030&#8243; body_font_size=\u00bb19px\u00bb animation_style=\u00bbslide\u00bb animation_direction=\u00bbleft\u00bb]<strong>Sin estearato de magnesio<\/strong><br \/>\nmayor seguridad para los ni\u00f1os[\/et_pb_blurb][\/et_pb_column][et_pb_column type=\u00bb1_2&#8243; _builder_version=\u00bb3.0.47&#8243; parallax=\u00bboff\u00bb parallax_method=\u00bbon\u00bb][\/et_pb_column][\/et_pb_row][\/et_pb_section][et_pb_section fb_built=\u00bb1&#8243; admin_label=\u00bbsection\u00bb _builder_version=\u00bb3.0.47&#8243; custom_padding=\u00bb0|0px|54px|0px|false|false\u00bb][et_pb_row _builder_version=\u00bb3.0.94&#8243;][et_pb_column type=\u00bb4_4&#8243; _builder_version=\u00bb3.0.94&#8243; parallax=\u00bboff\u00bb parallax_method=\u00bbon\u00bb][et_pb_text _builder_version=\u00bb3.0.94&#8243;]<\/p>\n<p>Bulardi\u00ae Probi\u00f3tico Junior es un probi\u00f3tico completamente natural que tiene un efecto beneficioso sobre el equilibrio de la microflora intestinal, prevenci\u00f3n y tratamiento de la diarrea en ni\u00f1os.<\/p>\n<p>\u00a0<\/p>\n<p>Es el \u00fanico probi\u00f3tico en el mercado que puede ser usado en\u00a0ni\u00f1os a partir del segundo mes de vida, que contiene una combinaci\u00f3n comprobada y\u00a0efectiva:\u00a0<strong>BULARDI + ZINC<\/strong>.<\/p>\n<p>[\/et_pb_text][\/et_pb_column][\/et_pb_row][et_pb_row _builder_version=\u00bb3.0.94&#8243;][et_pb_column type=\u00bb4_4&#8243; _builder_version=\u00bb3.0.94&#8243; parallax=\u00bboff\u00bb parallax_method=\u00bbon\u00bb][et_pb_tabs _builder_version=\u00bb3.0.106&#8243;][et_pb_tab title=\u00bbEfectos\u00bb _builder_version=\u00bb3.0.94&#8243;]<\/p>\n<ul>\n<li><span><strong>DOSIS COMPROBADA Y EFECTIVA: 5 MIL MILLONES DE SACHAROMYCES BOULARDII<\/strong><\/span><\/li>\n<\/ul>\n<p>Boulardii ha sido utilizado por m\u00e1s de 80 a\u00f1os como una soluci\u00f3n para todos los tipos de diarrea. La dosis efectiva de 5 mil millones de cultivos probi\u00f3ticos de Bulardi Probi\u00f3tico Junior, normaliza los movimientos intestinales en tiempo r\u00e9cord, reduce los s\u00edntomas y acorta la duraci\u00f3n de la diarrea.<br \/>Bulardi\u00a0Probi\u00f3tico Junior es el \u00fanico producto probi\u00f3tico cuyos efectos antibi\u00f3ticos no se debilitan, por lo que se puede utilizar simult\u00e1neamente con antibi\u00f3ticos.<br \/>Debido a los numerosos estudios cl\u00ednicos y experiencias de los pacientes que confirman su eficacia, la Sociedad Europea de Gastroenterolog\u00eda Pedi\u00e1trica Hepatolog\u00eda y Nutrici\u00f3n (ESPGHAN) recomienda S.Bulardi como la primera opci\u00f3n en el tratamiento y prevenci\u00f3n de la diarrea.<\/p>\n<p>\u00a0<\/p>\n<ul>\n<li><span><strong>EL ZINC REDUCE LA SERIEDAD Y DURACI\u00d3N DE LA DIARREA, ADEM\u00c1S FORTALECE EL SISTEMA INMUNE<\/strong><\/span><\/li>\n<\/ul>\n<p>El zinc ha demostrado reducir efectivamente la gravedad y duraci\u00f3n de la diarrea en ni\u00f1os.<br \/>Los suplementos con zinc mejoran la absorci\u00f3n de agua y electrolitos, por lo tanto evitan la posibilidad de deshidrataci\u00f3n. Al mismo tiempo, ayudan regenerar el epitelio del intestino y la renovaci\u00f3n de su funci\u00f3n.<br \/>El zinc tambi\u00e9n se puede utilizar de manera preventiva para aumentar la inmunidad y las capacidades defensivas de la diarrea y otras infecciones.<br \/>La Organizaci\u00f3n Mundial de la Salud y la UNICEF, recomiendan que el zinc debe ser usado como parte integral del tratamiento para solucionar el problema de la diarrea.<\/p>\n<p>\u00a0<\/p>\n<ul>\n<li><span><strong>SIN ESTEARATO DE MAGNESIO \u2013 MAYOR SEGURIDAD PARA LOS NI\u00d1OS<\/strong><\/span><\/li>\n<\/ul>\n<p>Se especula que en ciertos casos, el estearato de magnesio puede ser t\u00f3xico en los pacientes pedi\u00e1tricos.<br \/>La omisi\u00f3n de este principio, excluye cualquier posibilidad de riesgo y asegura una completa seguridad de Bulardi Probi\u00f3tico Junior.<\/p>\n<p>[\/et_pb_tab][et_pb_tab title=\u00bbIndicaciones\u00bb _builder_version=\u00bb3.0.106&#8243;]<\/p>\n<p><strong>\u00a1Bulardi\u24c7 Probi\u00f3tico Junior detiene la diarrea en tiempo r\u00e9cord<\/strong>, normaliza el tracto digestivo, suaviza los s\u00edntomas y debilita los efectos de la diarrea existente!<\/p>\n<p>\u00a0<\/p>\n<p>Bulardi\u24c7 Probi\u00f3tico Junior tiene un efecto inmeidato y su seguridad ha sido demostrada por lo que es la opci\u00f3n n\u00famero uno en el tratameinto contra la diarrea.<\/p>\n<p>\u00a0<\/p>\n<p>\u00a1Bulardi\u24c7 Probi\u00f3tico Junior \u2013 el tratamiento m\u00e1s eficaz en contra de la diarrea infantil!<\/p>\n<p>[\/et_pb_tab][et_pb_tab title=\u00bbUso\u00bb _builder_version=\u00bb3.0.106&#8243;]<\/p>\n<p style=\"font-size: 22px; font-weight: bold; margin-bottom: 20px;\">Dosis:<\/p>\n<ul>\n<li><em>En caso de diarrea, diarrea cr\u00f3nica y diarrea aguda:<span>\u00a0<\/span><\/em><strong>1 c\u00e1psula por la ma\u00f1ana y 1 c\u00e1psula por la noche<span>\u00a0<\/span><em>(en ni\u00f1os menores de 6 a\u00f1os, solamente 1 c\u00e1psula al d\u00eda)<\/em><span>\u00a0<\/span>durante la enfermedad.<\/strong><\/li>\n<li><em>Con antibi\u00f3ticos:\u00a0<\/em><strong>1 c\u00e1psula diaria durante el tiempo del tratamiento con antibi\u00f3ticos, de 2 a 4 semanas despu\u00e9s de la terapia.<\/strong><\/li>\n<li><em>Antes de viajar:\u00a0<\/em><strong>1 c\u00e1psula diaria durante 5 d\u00edas antes de realizar el viaje.<\/strong><\/li>\n<li><em>Durante el viaje:\u00a0<\/em><strong>1 c\u00e1psula diaria<\/strong><\/li>\n<li><em>Para fortalecer el sistema inmunol\u00f3gico\u00a0y regular la flora intestinal:<\/em>\u00a0<strong>1 c\u00e1psula al d\u00eda durante tiempo indefinido<\/strong><\/li>\n<li><em>En caso de\u00a0enfermedad inflamatoria intestinal:\u00a0<\/em><strong>1 c\u00e1psula al d\u00eda durante tiempo indefinido<\/strong><\/li>\n<\/ul>\n<p><span><strong>Si es necesario, el contenido se puede vaciar<\/strong><\/span><br \/>\n<span><strong>en una cuchara con un poco de l\u00edquido y tomar inmediatamente.<\/strong><\/span><\/p>\n<p><span><strong><\/strong><\/span><\/p>\n<p style=\"font-size: 22px; font-weight: bold; margin-bottom: 20px; margin-top: 20px;\">Duraci\u00f3n de uso:<\/p>\n<p><strong><\/strong><\/p>\n<ul>\n<li>Indefinido, es recomendable consultar a su m\u00e9dico si los s\u00edntomas no se reducen despu\u00e9s de dos d\u00edas de uso.<\/li>\n<\/ul>\n<p>[\/et_pb_tab][\/et_pb_tabs][\/et_pb_column][\/et_pb_row][\/et_pb_section]<\/p>\n","protected":false},"excerpt":{"rendered":"<p>Dosis comprobada y efectiva: 5 mil millones de Saccharomyces boulardiiEl zinc reduce la gravedad y duraci\u00f3n de la diarrea: y adem\u00e1s fortalece el sistema inmuneSin estearato de magnesio mayor seguridad para los ni\u00f1osBulardi\u00ae Probi\u00f3tico Junior es un probi\u00f3tico completamente natural que tiene un efecto beneficioso sobre el equilibrio de la microflora intestinal, prevenci\u00f3n y tratamiento [&hellip;]<\/p>\n","protected":false},"author":15,"featured_media":0,"parent":0,"menu_order":0,"comment_status":"closed","ping_status":"closed","template":"","meta":{"_et_pb_use_builder":"on","_et_pb_old_content":"","_et_gb_content_width":"","footnotes":""},"class_list":["post-1874","page","type-page","status-publish","hentry"],"yoast_head":"<!-- This site is optimized with the Yoast SEO plugin v27.4 - https:\/\/yoast.com\/product\/yoast-seo-wordpress\/ -->\n<title>Bulardi Probi\u00f3tico Junior - Bulardi Probiotik<\/title>\n<meta name=\"robots\" content=\"index, follow, max-snippet:-1, max-image-preview:large, max-video-preview:-1\" \/>\n<link rel=\"canonical\" href=\"https:\/\/bulardi.com\/es\/bulardi-probiotico-junior\/\" \/>\n<meta property=\"og:locale\" content=\"es_ES\" \/>\n<meta property=\"og:type\" content=\"article\" \/>\n<meta property=\"og:title\" content=\"Bulardi Probi\u00f3tico Junior - Bulardi Probiotik\" \/>\n<meta property=\"og:description\" content=\"Dosis comprobada y efectiva: 5 mil millones de Saccharomyces boulardiiEl zinc reduce la gravedad y duraci\u00f3n de la diarrea: y adem\u00e1s fortalece el sistema inmuneSin estearato de magnesio mayor seguridad para los ni\u00f1osBulardi\u00ae Probi\u00f3tico Junior es un probi\u00f3tico completamente natural que tiene un efecto beneficioso sobre el equilibrio de la microflora intestinal, prevenci\u00f3n y tratamiento [&hellip;]\" \/>\n<meta property=\"og:url\" content=\"https:\/\/bulardi.com\/es\/bulardi-probiotico-junior\/\" \/>\n<meta property=\"og:site_name\" content=\"Bulardi Probiotik\" \/>\n<meta property=\"article:modified_time\" content=\"2018-07-09T09:09:21+00:00\" \/>\n<meta name=\"twitter:card\" content=\"summary_large_image\" \/>\n<meta name=\"twitter:label1\" content=\"Tiempo de lectura\" \/>\n\t<meta name=\"twitter:data1\" content=\"5 minutos\" \/>\n<script type=\"application\/ld+json\" class=\"yoast-schema-graph\">{\"@context\":\"https:\\\/\\\/schema.org\",\"@graph\":[{\"@type\":\"WebPage\",\"@id\":\"https:\\\/\\\/bulardi.com\\\/es\\\/bulardi-probiotico-junior\\\/\",\"url\":\"https:\\\/\\\/bulardi.com\\\/es\\\/bulardi-probiotico-junior\\\/\",\"name\":\"Bulardi Probi\u00f3tico Junior - Bulardi Probiotik\",\"isPartOf\":{\"@id\":\"https:\\\/\\\/bulardi.com\\\/#website\"},\"datePublished\":\"2018-01-11T08:19:33+00:00\",\"dateModified\":\"2018-07-09T09:09:21+00:00\",\"breadcrumb\":{\"@id\":\"https:\\\/\\\/bulardi.com\\\/es\\\/bulardi-probiotico-junior\\\/#breadcrumb\"},\"inLanguage\":\"es\",\"potentialAction\":[{\"@type\":\"ReadAction\",\"target\":[\"https:\\\/\\\/bulardi.com\\\/es\\\/bulardi-probiotico-junior\\\/\"]}]},{\"@type\":\"BreadcrumbList\",\"@id\":\"https:\\\/\\\/bulardi.com\\\/es\\\/bulardi-probiotico-junior\\\/#breadcrumb\",\"itemListElement\":[{\"@type\":\"ListItem\",\"position\":1,\"name\":\"Home\",\"item\":\"https:\\\/\\\/bulardi.com\\\/es\\\/\"},{\"@type\":\"ListItem\",\"position\":2,\"name\":\"Bulardi Probi\u00f3tico Junior\"}]},{\"@type\":\"WebSite\",\"@id\":\"https:\\\/\\\/bulardi.com\\\/#website\",\"url\":\"https:\\\/\\\/bulardi.com\\\/\",\"name\":\"Bulardi Probiotik\",\"description\":\"Broj 1 protiv dijareje\",\"potentialAction\":[{\"@type\":\"SearchAction\",\"target\":{\"@type\":\"EntryPoint\",\"urlTemplate\":\"https:\\\/\\\/bulardi.com\\\/?s={search_term_string}\"},\"query-input\":{\"@type\":\"PropertyValueSpecification\",\"valueRequired\":true,\"valueName\":\"search_term_string\"}}],\"inLanguage\":\"es\"}]}<\/script>\n<!-- \/ Yoast SEO plugin. -->","yoast_head_json":{"title":"Bulardi Probi\u00f3tico Junior - Bulardi Probiotik","robots":{"index":"index","follow":"follow","max-snippet":"max-snippet:-1","max-image-preview":"max-image-preview:large","max-video-preview":"max-video-preview:-1"},"canonical":"https:\/\/bulardi.com\/es\/bulardi-probiotico-junior\/","og_locale":"es_ES","og_type":"article","og_title":"Bulardi Probi\u00f3tico Junior - Bulardi Probiotik","og_description":"Dosis comprobada y efectiva: 5 mil millones de Saccharomyces boulardiiEl zinc reduce la gravedad y duraci\u00f3n de la diarrea: y adem\u00e1s fortalece el sistema inmuneSin estearato de magnesio mayor seguridad para los ni\u00f1osBulardi\u00ae Probi\u00f3tico Junior es un probi\u00f3tico completamente natural que tiene un efecto beneficioso sobre el equilibrio de la microflora intestinal, prevenci\u00f3n y tratamiento [&hellip;]","og_url":"https:\/\/bulardi.com\/es\/bulardi-probiotico-junior\/","og_site_name":"Bulardi Probiotik","article_modified_time":"2018-07-09T09:09:21+00:00","twitter_card":"summary_large_image","twitter_misc":{"Tiempo de lectura":"5 minutos"},"schema":{"@context":"https:\/\/schema.org","@graph":[{"@type":"WebPage","@id":"https:\/\/bulardi.com\/es\/bulardi-probiotico-junior\/","url":"https:\/\/bulardi.com\/es\/bulardi-probiotico-junior\/","name":"Bulardi Probi\u00f3tico Junior - Bulardi Probiotik","isPartOf":{"@id":"https:\/\/bulardi.com\/#website"},"datePublished":"2018-01-11T08:19:33+00:00","dateModified":"2018-07-09T09:09:21+00:00","breadcrumb":{"@id":"https:\/\/bulardi.com\/es\/bulardi-probiotico-junior\/#breadcrumb"},"inLanguage":"es","potentialAction":[{"@type":"ReadAction","target":["https:\/\/bulardi.com\/es\/bulardi-probiotico-junior\/"]}]},{"@type":"BreadcrumbList","@id":"https:\/\/bulardi.com\/es\/bulardi-probiotico-junior\/#breadcrumb","itemListElement":[{"@type":"ListItem","position":1,"name":"Home","item":"https:\/\/bulardi.com\/es\/"},{"@type":"ListItem","position":2,"name":"Bulardi Probi\u00f3tico Junior"}]},{"@type":"WebSite","@id":"https:\/\/bulardi.com\/#website","url":"https:\/\/bulardi.com\/","name":"Bulardi Probiotik","description":"Broj 1 protiv dijareje","potentialAction":[{"@type":"SearchAction","target":{"@type":"EntryPoint","urlTemplate":"https:\/\/bulardi.com\/?s={search_term_string}"},"query-input":{"@type":"PropertyValueSpecification","valueRequired":true,"valueName":"search_term_string"}}],"inLanguage":"es"}]}},"_links":{"self":[{"href":"https:\/\/bulardi.com\/es\/wp-json\/wp\/v2\/pages\/1874","targetHints":{"allow":["GET"]}}],"collection":[{"href":"https:\/\/bulardi.com\/es\/wp-json\/wp\/v2\/pages"}],"about":[{"href":"https:\/\/bulardi.com\/es\/wp-json\/wp\/v2\/types\/page"}],"author":[{"embeddable":true,"href":"https:\/\/bulardi.com\/es\/wp-json\/wp\/v2\/users\/15"}],"replies":[{"embeddable":true,"href":"https:\/\/bulardi.com\/es\/wp-json\/wp\/v2\/comments?post=1874"}],"version-history":[{"count":6,"href":"https:\/\/bulardi.com\/es\/wp-json\/wp\/v2\/pages\/1874\/revisions"}],"predecessor-version":[{"id":2410,"href":"https:\/\/bulardi.com\/es\/wp-json\/wp\/v2\/pages\/1874\/revisions\/2410"}],"wp:attachment":[{"href":"https:\/\/bulardi.com\/es\/wp-json\/wp\/v2\/media?parent=1874"}],"curies":[{"name":"wp","href":"https:\/\/api.w.org\/{rel}","templated":true}]}}