{"id":1873,"date":"2018-01-11T08:18:57","date_gmt":"2018-01-11T08:18:57","guid":{"rendered":"http:\/\/bulardi.tensilen.rs\/bulardi-probiotik-za-sve-vrste-dijareja\/"},"modified":"2018-07-09T09:26:01","modified_gmt":"2018-07-09T09:26:01","slug":"bulardi-probiotico","status":"publish","type":"page","link":"https:\/\/bulardi.com\/es\/bulardi-probiotico\/","title":{"rendered":"Bulardi Probiotico"},"content":{"rendered":"<p>[et_pb_section fb_built=\u00bb1&#8243; admin_label=\u00bbsection\u00bb _builder_version=\u00bb3.9&#8243; background_color=\u00bb#ba5402&#8243; custom_padding=\u00bb0|0px|0|0px|false|false\u00bb][et_pb_row make_fullwidth=\u00bbon\u00bb use_custom_gutter=\u00bbon\u00bb gutter_width=\u00bb1&#8243; _builder_version=\u00bb3.9&#8243; custom_padding=\u00bb0|0px|0|0px|false|false\u00bb][et_pb_column type=\u00bb4_4&#8243; _builder_version=\u00bb3.9&#8243; parallax=\u00bboff\u00bb parallax_method=\u00bbon\u00bb][et_pb_image src=\u00bbhttps:\/\/bulardi.com\/wp-content\/uploads\/2018\/07\/BULARDI-ESP.jpg\u00bb _builder_version=\u00bb3.9&#8243;][\/et_pb_image][\/et_pb_column][\/et_pb_row][\/et_pb_section][et_pb_section fb_built=\u00bb1&#8243; admin_label=\u00bbsection\u00bb _builder_version=\u00bb3.9&#8243; custom_padding=\u00bb0|0px|10px|0px|false|false\u00bb][et_pb_row _builder_version=\u00bb3.0.94&#8243;][et_pb_column type=\u00bb1_2&#8243; _builder_version=\u00bb3.0.94&#8243; parallax=\u00bboff\u00bb parallax_method=\u00bbon\u00bb][et_pb_blurb title=\u00bbM\u00e1s R\u00e1pido \u2013 Mejor \u2013 M\u00e1s Seguro:\u00bb _builder_version=\u00bb3.9&#8243; header_level=\u00bbh3&#8243; header_font=\u00bb||||||||\u00bb header_text_color=\u00bb#303030&#8243; header_font_size=\u00bb31px\u00bb body_font=\u00bb||||||||\u00bb body_text_color=\u00bb#ffffff\u00bb custom_margin=\u00bb||10px|\u00bb animation_style=\u00bbslide\u00bb animation_direction=\u00bbleft\u00bb][\/et_pb_blurb][et_pb_divider show_divider=\u00bboff\u00bb _builder_version=\u00bb3.2&#8243;][\/et_pb_divider][et_pb_blurb use_icon=\u00bbon\u00bb font_icon=\u00bb%%45%%\u00bb icon_color=\u00bb#3cad1d\u00bb icon_placement=\u00bbleft\u00bb _builder_version=\u00bb3.9&#8243; header_font=\u00bb||||||||\u00bb body_font=\u00bb||||||||\u00bb body_text_color=\u00bb#303030&#8243; body_font_size=\u00bb17px\u00bb body_line_height=\u00bb1.9em\u00bb custom_margin=\u00bb||5px|\u00bb custom_padding=\u00bb||20px|\u00bb animation_style=\u00bbslide\u00bb animation_direction=\u00bbleft\u00bb header_text_color=\u00bb#303030&#8243;]<\/p>\n<p><span>Detiene todo tipo de diarrea<\/span><\/p>\n<p>[\/et_pb_blurb][et_pb_blurb use_icon=\u00bbon\u00bb font_icon=\u00bb%%45%%\u00bb icon_color=\u00bb#3cad1d\u00bb icon_placement=\u00bbleft\u00bb _builder_version=\u00bb3.9&#8243; header_font=\u00bb||||||||\u00bb body_font=\u00bb||||||||\u00bb body_text_align=\u00bbleft\u00bb body_text_color=\u00bb#303030&#8243; body_font_size=\u00bb17px\u00bb body_line_height=\u00bb1.9em\u00bb text_orientation=\u00bbcenter\u00bb custom_margin=\u00bb||5px|\u00bb custom_padding=\u00bb||20px|\u00bb animation_style=\u00bbslide\u00bb animation_direction=\u00bbleft\u00bb]<\/p>\n<p>Bulardi elimina la causa y resuelve el problema<\/p>\n<p>[\/et_pb_blurb][et_pb_blurb use_icon=\u00bbon\u00bb font_icon=\u00bb%%45%%\u00bb icon_color=\u00bb#3cad1d\u00bb icon_placement=\u00bbleft\u00bb _builder_version=\u00bb3.9&#8243; header_font=\u00bb||||||||\u00bb body_font=\u00bb||||||||\u00bb body_text_color=\u00bb#303030&#8243; body_font_size=\u00bb17px\u00bb body_line_height=\u00bb1.9em\u00bb custom_margin=\u00bb||5px|\u00bb custom_padding=\u00bb||20px|\u00bb animation_style=\u00bbslide\u00bb animation_direction=\u00bbleft\u00bb]<\/p>\n<p><span>Es el \u00fanico producto que se puede usar con antibi\u00f3ticos<\/span><\/p>\n<p>[\/et_pb_blurb][et_pb_blurb use_icon=\u00bbon\u00bb font_icon=\u00bb%%45%%\u00bb icon_color=\u00bb#3cad1d\u00bb icon_placement=\u00bbleft\u00bb _builder_version=\u00bb3.9&#8243; header_font=\u00bb||||||||\u00bb body_font=\u00bb||||||||\u00bb body_text_color=\u00bb#303030&#8243; body_font_size=\u00bb17px\u00bb body_line_height=\u00bb1.9em\u00bb custom_margin=\u00bb||5px|\u00bb custom_padding=\u00bb|||\u00bb animation_style=\u00bbslide\u00bb animation_direction=\u00bbleft\u00bb]<\/p>\n<div class=\"su-list su-list-style-\"><span>En el 90% de los casos, previene la \u201cdiarrea del viajero\u201d<\/span><\/div>\n<p>[\/et_pb_blurb][\/et_pb_column][et_pb_column type=\u00bb1_2&#8243; _builder_version=\u00bb3.0.94&#8243; parallax=\u00bboff\u00bb parallax_method=\u00bbon\u00bb][\/et_pb_column][\/et_pb_row][\/et_pb_section][et_pb_section fb_built=\u00bb1&#8243; admin_label=\u00bbsection\u00bb _builder_version=\u00bb3.0.47&#8243; custom_padding=\u00bb0|0px|54px|0px|false|false\u00bb][et_pb_row _builder_version=\u00bb3.0.94&#8243;][et_pb_column type=\u00bb4_4&#8243; _builder_version=\u00bb3.0.94&#8243; parallax=\u00bboff\u00bb parallax_method=\u00bbon\u00bb][et_pb_tabs _builder_version=\u00bb3.0.106&#8243;][et_pb_tab title=\u00bbEfectos\u00bb _builder_version=\u00bb3.0.94&#8243;]<img loading=\"lazy\" decoding=\"async\" class=\"wp-image-193 alignleft size-medium\" src=\"\/wp-content\/uploads\/2018\/01\/antibiotick.png\" alt=\"\" width=\"182\" height=\"158\" \/><\/p>\n<p><img loading=\"lazy\" decoding=\"async\" class=\"wp-image-194 alignleft size-medium\" src=\"\/wp-content\/uploads\/2018\/01\/Bakterije-150x150.png\" alt=\"\" width=\"150\" height=\"150\" srcset=\"https:\/\/bulardi.com\/wp-content\/uploads\/2018\/01\/Bakterije-150x150.png 150w, https:\/\/bulardi.com\/wp-content\/uploads\/2018\/01\/Bakterije-150x150-100x100.png 100w\" sizes=\"(max-width: 150px) 100vw, 150px\" \/><\/p>\n<p><img loading=\"lazy\" decoding=\"async\" class=\"wp-image-195 alignleft size-medium\" src=\"\/wp-content\/uploads\/2018\/01\/crevnaflora.png\" alt=\"\" width=\"182\" height=\"158\" \/><\/p>\n<p><img loading=\"lazy\" decoding=\"async\" class=\"wp-image-196 alignleft size-medium\" src=\"\/wp-content\/uploads\/2018\/01\/imunitet.png\" alt=\"\" width=\"182\" height=\"158\" \/><\/p>\n<p><img loading=\"lazy\" decoding=\"async\" class=\"wp-image-197 alignleft size-medium\" src=\"\/wp-content\/uploads\/2018\/01\/putovanja-5.png\" alt=\"\" width=\"182\" height=\"158\" \/><\/p>\n<div style=\"clear: both;\">\n<p><strong>\u00a1Bulardi<sup>\u24c7<\/sup> Probi\u00f3tico detiene la diarrea en tiempo r\u00e9cord, normaliza el tracto digestivo, suaviza los s\u00edntomas y debilita los efectos de la diarrea existente!<\/strong><\/p>\n<p>Con su mecanismo de acci\u00f3n \u00fanico, Bulardi Probi\u00f3tico \u201catrapa\u201d las bacterias da\u00f1inas y disuelve las toxinas bacterianas, por lo tanto, elimina completamente las causas de la diarrea en el tracto digestivo y evita su efecto da\u00f1ino.<\/p>\n<p>Bulardi es extremadamente eficaz en contra de la diarrea si se utiliza como prevenci\u00f3n. Es un producto 100% natural que elimina las malas bacterias y sus toxinas del cuerpo. Al mismo tiempo, reguliza la acidez, repara la mucosa y aumenta la inmunidad local en el tracto digestivo.<\/p>\n<p>Una s\u00f3la c\u00e9lula de Saccharomyces Bulardi tiene un \u00e1rea 10 veces mayor que otras bacterias probi\u00f3ticas. Esto le permite \u201catrapar\u201d grandes cantidades de pat\u00f3genos acelerando su eliminaci\u00f3n.<\/p><\/div>\n<div style=\"clear: both;\">\n<h4 style=\"border-top: 1px solid #333; border-bottom: 1px solid #333; padding: 15px 0 20px 0; margin-top: 30px; margin-bottom: 30px;\"><strong>1. Diarrea causada por uso de antibi\u00f3ticos<\/strong><\/h4>\n<\/div>\n<p>La diarrea se produce hasta en el 40% de las personas que utilizan los antibi\u00f3ticos.<br \/>\nBulardi Probi\u00f3tico es el \u00fanico producto natural que se puede utilizar con todos los antibi\u00f3ticos en el mercado.<br \/>\nEsto lo hace ideal en la lucha contra la diarrea causada por antibi\u00f3ticos.<\/p>\n<div style=\"clear: both;\">\n<h4 style=\"border-top: 1px solid #333; border-bottom: 1px solid #333; padding: 15px 0 20px 0; margin-top: 30px; margin-bottom: 30px;\"><strong>2. Diarrea del \u201cviajero\u201d<\/strong><\/h4>\n<\/div>\n<p>Los estudios han demostrado que Bulardi es extremadamente eficaz en la prevenci\u00f3n de la diarrea cuando se viaja en 90% de los casos.<br \/>\nEs por eso que se recomienda como prevenci\u00f3n, se debe consumir 5 d\u00edas antes de viajar, y durante los viajes.<\/p>\n<div style=\"clear: both;\">\n<h4 style=\"border-top: 1px solid #333; border-bottom: 1px solid #333; padding: 15px 0 20px 0; margin-top: 30px; margin-bottom: 30px;\"><strong>3. Contra las bacterias<\/strong><\/h4>\n<\/div>\n<p>Bulardi\u24c7Bulardi Probi\u00f3tico \u201catrapa\u201d las bacterias pat\u00f3genas en el tracto digestivo y de esa manera las elimina r\u00e1pidamente del cuerpo.<br \/>\nBulardi renueva la flora intestinal natural mediante la inhibici\u00f3n de la fijaci\u00f3n y crecimiento de bacterias da\u00f1inas en el colon.<\/p>\n<div style=\"clear: both;\">\n<h4 style=\"border-top: 1px solid #333; border-bottom: 1px solid #333; padding: 15px 0 20px 0; margin-top: 30px; margin-bottom: 30px;\"><strong>4. Contra las toxinas<\/strong><\/h4>\n<\/div>\n<p>Bulardi descompone las toxinas bacterianas y previene su uni\u00f3n en los receptores, por lo tanto evita sus efectos perjudiciales.<br \/>\nAcci\u00f3n protectora en las c\u00e9lulas del epitelio (pared intestinal).<br \/>\nBulardi reduce la evacuaci\u00f3n de electrolitos, por lo tanto normaliza la p\u00e9rdida de agua y sales del cuerpo.<br \/>\nBulardi acelera la descomposici\u00f3n de az\u00facares y aumenta la absorci\u00f3n de nutrientes.<br \/>\nPreviene la p\u00e9rdida de la integridad del epitelio y la entrada de microorganismos da\u00f1inos en la sangre.<\/p>\n<div style=\"clear: both;\">\n<h4 style=\"border-top: 1px solid #333; border-bottom: 1px solid #333; padding: 15px 0 20px 0; margin-top: 30px; margin-bottom: 30px;\"><strong>4. Estimula el sistema inmunol\u00f3gico y reduce la inflamaci\u00f3n<\/strong><\/h4>\n<\/div>\n<p>Bulardi activa el sistema inmunol\u00f3gico en el intestino y conduce a un aumento de los anticuerpos que combaten las causas de diarrea.<br \/>\nEvita una fuerte reacci\u00f3n inflamatoria local mediante la reducci\u00f3n de la formaci\u00f3n de compuestos que causan la reacci\u00f3n inflamatoria.[\/et_pb_tab][et_pb_tab title=\u00bbIndicaciones\u00bb _builder_version=\u00bb3.0.94&#8243;]<\/p>\n<h2 style=\"color: #ba5402;\">Diarrea<\/h2>\n<div style=\"clear: both;\">\n<h4 style=\"border-top: 1px solid #333; border-bottom: 1px solid #333; padding: 15px 0 20px 0; margin-top: 30px; margin-bottom: 30px;\"><strong>\u00bfQu\u00e9 es la diarrea?<\/strong><\/h4>\n<p><strong>La diarrea es un r\u00e1pido movimiento de la materia fecal a trav\u00e9s del colon.<\/strong><\/p>\n<p>En condiciones normales, los alimentos viajan desde el est\u00f3mago hasta el intestino delgado, donde los nutrientes y los l\u00edquidos son absorbidos, y contin\u00faan su camino hacia el colon donde la parte que no ha sido utilizada es expulsada.<\/p>\n<p>A veces, las infecciones, las intoxicaciones, la inflamaci\u00f3n y otras situaciones dan lugar a una distorsi\u00f3n de los movimientos intestinales normales, lo que provoca que los l\u00edquidos y nutrientes pasan r\u00e1pidamente. La consecuencia de estos movimientos r\u00e1pidos, es la reducci\u00f3n de la densidad de las heces. Antes de la aparici\u00f3n de esta condici\u00f3n, se presentan movimientos intestinales (peristaltismo) causando calambres dolorosos.<\/p>\n<p>La diarrea puede ser aguda o cr\u00f3nica. Se considera diarrea aguda cuando se presentan m\u00e1s de 3 deposiciones al d\u00eda, con una capacidad superior a 200 ml y dura menos de 3 semanas. La diarrea cr\u00f3nica persiste por m\u00e1s de tres semanas. En los casos de desnutrici\u00f3n severa, la diarrea cr\u00f3nica puede provocar un desenlace fatal, que a menudo se produce sobre todo en los pa\u00edses en desarrollo.<\/p>\n<div style=\"clear: both;\">\n<h4 style=\"border-top: 1px solid #333; border-bottom: 1px solid #333; padding: 15px 0 20px 0; margin-top: 30px; margin-bottom: 30px;\"><strong>Las causas y cuadro cl\u00ednico<\/strong><\/h4>\n<\/div>\n<p>La diarrea es causada por diversos agentes infecciosos, entre los m\u00e1s importantes se encuentran:<\/p>\n<p>Bacterias (Salmonella, Shigella, Escherichia coli, Vibrio cholerae\u2026), Par\u00e1sitos (Giardia lamblia, amebas\u2026) y Virus.<\/p>\n<p>Adem\u00e1s de estas causas infecciosas, la diarrea puede deberse a:<\/p>\n<p>&#8211; El uso de antibi\u00f3ticos<br \/>\n&#8211; Enfermedades inflamatorias intestinales (colitis ulcerosa, enfermedad de Crohn\u2026)<\/p>\n<p style=\"margin-top: 20px; font-size: 20px;\"><strong>Todos estos factores causan la diarrea por cuatro mecanismos diferentes:<\/strong><\/p>\n<div style=\"clear: both;\">\n<h4 style=\"border-top: 1px solid #333; border-bottom: 1px solid #333; padding: 15px 0 20px 0; margin-top: 30px; margin-bottom: 30px;\"><strong>I Aumento de la presi\u00f3n osm\u00f3tica<\/strong><\/h4>\n<\/div>\n<p><strong>Diarrea osm\u00f3tica<\/strong><\/p>\n<p>La diarrea osm\u00f3tica es causada por la retenci\u00f3n de sustancias osm\u00f3ticamente activas que se unen a s\u00ed mismas y por lo tanto retienen el agua en el intestino. Debido esta acumulaci\u00f3n de sustancias que retienen el agua de la zona exterior de la c\u00e9lula, el agua pasa al intestino y conduce a una expansi\u00f3n de las paredes. Esto acelera los movimientos intestinales y reduce el tiempo de retenci\u00f3n de la materia fecal en los intestinos.<\/p>\n<div style=\"clear: both;\">\n<h4 style=\"border-top: 1px solid #333; border-bottom: 1px solid #333; padding: 15px 0 20px 0; margin-top: 30px; margin-bottom: 30px;\"><strong>II Aumento de la secreci\u00f3n<\/strong><\/h4>\n<\/div>\n<p><strong>Diarrea secretora<\/strong><\/p>\n<p>La diarrea secretora se produce debido al aumento de la secreci\u00f3n de electrolitos y otras sustancias en el intestino delgado y grueso.<\/p>\n<p>Los estimuladores de esta secreci\u00f3n pueden ser: enterotoxinas bacterias (Vibrio cholerae, Shigeo, Escherichia coli), virus enteropat\u00f3genos, sales biliares, grasa no absorbida de los alimentos, algunos tipos de medicamentos, hormonas gastrointestinales (gastrina, p\u00e9ptido vasointestinal, calcitonina, serotonina), da\u00f1os a las paredes intestinales, etc.<\/p>\n<p>Este tipo de diarrea es diez veces m\u00e1s com\u00fan en las mujeres que en los hombres, especialmente en personas mayores de 60 a\u00f1os. Por lo general, va sin otros s\u00edntomas, pero puede aparecer por enfermedad, n\u00e1useas, v\u00f3mitos, dolor abdominal, distensi\u00f3n abdominal y p\u00e9rdida de peso.<\/p>\n<div style=\"clear: both;\">\n<h4 style=\"border-top: 1px solid #333; border-bottom: 1px solid #333; padding: 15px 0 20px 0; margin-top: 30px; margin-bottom: 30px;\"><strong>III Los procesos inflamatorios<\/strong><\/h4>\n<\/div>\n<p><strong>Diarrea inflamatoria<\/strong><\/p>\n<p>La diarrea inflamatoria (exudativa) se produce en caso de enfermedades de la mucosa intestinal (enteritis regional, colitis ulcerosa, colitis pseudomembranosa, la tuberculosis, linfoma, tumores, etc.), lo que conduce a la inflamaci\u00f3n de la membrana mucosa y la aparici\u00f3n de \u00falceras.<\/p>\n<p>Por lo tanto, en el intestino puede aparecer plasma de la sangre, prote\u00ednas del suero, sangre y mucosidad, lo que aumenta significativamente la cantidad de l\u00edquido en las heces. La aparici\u00f3n de procesos patol\u00f3gicos en la mucosa de la parte final del tubo digestivo provoca movimientos intestinales frecuentes a debido al cambio en la membrana mucosa, que se vuelve m\u00e1s sensible al expandirse.<\/p>\n<div style=\"clear: both;\">\n<h4 style=\"border-top: 1px solid #333; border-bottom: 1px solid #333; padding: 15px 0 20px 0; margin-top: 30px; margin-bottom: 30px;\"><strong>IV Reducci\u00f3n del tiempo de absorci\u00f3n<\/strong><\/h4>\n<\/div>\n<p>Diarrea motora<\/p>\n<p>La diarrea motora (motilidad) se debe a la aceleraci\u00f3n del movimiento de los intestinos delgado y grueso. Es m\u00e1s com\u00fan debido a la secreci\u00f3n de diferentes sustancias activas (polip\u00e9ptido vasointestinal, serotonina y calcitonina) o como consecuencia de las perturbaciones en la actividad del sistema nervioso aut\u00f3nomo (en particular el sistema nervioso parasimp\u00e1tico).<\/p>\n<p>La diarrea conduce a la p\u00e9rdida de l\u00edquidos y a la deshidrataci\u00f3n, alteraciones en el balance de electrolitos y colapso vascular debido a que la respuesta oportuna en t\u00e9rminos para parar o mejor a\u00fan, para prevenir, es extremadamente importante.<\/p>\n<p margin-top: 20px;><strong>Bulardi Probi\u00f3tico detiene la diarrea en tiempo r\u00e9cord, normaliza los movimientos intestinales y reduce la diarrea existente.<\/p>\n<p>Gracias a su mecanismo de acci\u00f3n \u00fanico, Bulardi Probi\u00f3tico \u201catrapa\u201d las bacterias y toxinas da\u00f1inas elimin\u00e1ndolas del cuerpo.<\/p>\n<p>\u00a1Bulardi Probi\u00f3tico tiene un efecto inmediato y seguro que ha sido probado, por lo que es la opci\u00f3n n\u00famero uno en el tratamiento de contra la diarrea!<\/strong><\/p>\n<div style=\"border: 1px solid #ba5402; padding: 15px; margin-top: 30px;\">\n<h5 style=\"font-size: 20px; line-height: 22px;\"><strong>Bulardi<sup>\u00ae<\/sup>\u00a0\u00a1Bulardi Probi\u00f3tico \u2013 el m\u00e1s eficaz contra la diarrea!<\/strong><\/h5>\n<\/div>\n<p>[\/et_pb_tab][et_pb_tab title=\u00bbUso\u00bb _builder_version=\u00bb3.0.94&#8243;]<\/p>\n<p style=\"font-size: 20px; margin-bottom: 20px;\"><strong>Dosis:<\/strong><\/p>\n<ul>\n<li>En caso de diarrea, diarrea cr\u00f3nica y diarrea aguda: 1 c\u00e1psula por la ma\u00f1ana y 1 c\u00e1psula por la noche<\/li>\n<li>Con antibi\u00f3ticos: 1 c\u00e1psula por la ma\u00f1ana<\/li>\n<li>Antes de viajar: 1 c\u00e1psula por las ma\u00f1anas, durante 5 d\u00edas<\/li>\n<li>Durante el viaje: 1 c\u00e1psula diaria<\/li>\n<li>Ni\u00f1os hasta los 12 a\u00f1os: 1 c\u00e1psula diaria<\/li>\n<li>Para fortalecer el sistema inmunol\u00f3gico y regular la flora intestinal: 1 c\u00e1psula al d\u00eda durante tiempo indefinido<\/li>\n<li>En caso de enfermedad inflamatoria intestinal: 1 c\u00e1psula al d\u00eda durante tiempo indefinido<\/li>\n<\/ul>\n<p style=\"color: #b95301;\">Si es necesario, el contenido se puede vaciar<br \/>\nen una cuchara con un poco de l\u00edquido y tomar inmediatamente.\n<\/p>\n<p style=\"font-weight: 600; margin-top: 20px; margin-bottom: 20px;\">Duraci\u00f3n de uso:<\/p>\n<ul>\n<li>Indefinido, es recomendable consultar a su m\u00e9dico si los s\u00edntomas no se reducen despu\u00e9s de dos d\u00edas de uso.<\/li>\n<\/ul>\n<p>[\/et_pb_tab][et_pb_tab title=\u00bbNota\u00bb _builder_version=\u00bb3.0.94&#8243;]<strong>Nota:<\/strong><\/p>\n<ul>\n<li>Se recomienda que las mujeres embarazadas, lactantes y las personas con cat\u00e9ter venoso central consulten a su m\u00e9dico antes de su uso.<\/li>\n<\/ul>\n<p><strong>Efectos secundarios:<\/strong><\/p>\n<ul>\n<li>No se conocen.<\/li>\n<li>No existen interacciones conocidas con otros medicamentos<\/li>\n<\/ul>\n<p>[\/et_pb_tab][\/et_pb_tabs][\/et_pb_column][\/et_pb_row][\/et_pb_section]<\/p>\n","protected":false},"excerpt":{"rendered":"<p>Detiene todo tipo de diarreaBulardi elimina la causa y resuelve el problemaEs el \u00fanico producto que se puede usar con antibi\u00f3ticosEn el 90% de los casos, previene la \u201cdiarrea del viajero\u201d \u00a1Bulardi\u24c7 Probi\u00f3tico detiene la diarrea en tiempo r\u00e9cord, normaliza el tracto digestivo, suaviza los s\u00edntomas y debilita los efectos de la diarrea existente! Con [&hellip;]<\/p>\n","protected":false},"author":15,"featured_media":0,"parent":0,"menu_order":0,"comment_status":"closed","ping_status":"closed","template":"","meta":{"_et_pb_use_builder":"on","_et_pb_old_content":"","_et_gb_content_width":"","footnotes":""},"class_list":["post-1873","page","type-page","status-publish","hentry"],"yoast_head":"<!-- This site is optimized with the Yoast SEO plugin v27.3 - https:\/\/yoast.com\/product\/yoast-seo-wordpress\/ -->\n<title>Bulardi Probiotico - Bulardi Probiotik<\/title>\n<meta name=\"robots\" content=\"index, follow, max-snippet:-1, max-image-preview:large, max-video-preview:-1\" \/>\n<link rel=\"canonical\" href=\"https:\/\/bulardi.com\/es\/bulardi-probiotico\/\" \/>\n<meta property=\"og:locale\" content=\"es_ES\" \/>\n<meta property=\"og:type\" content=\"article\" \/>\n<meta property=\"og:title\" content=\"Bulardi Probiotico - Bulardi Probiotik\" \/>\n<meta property=\"og:description\" content=\"Detiene todo tipo de diarreaBulardi elimina la causa y resuelve el problemaEs el \u00fanico producto que se puede usar con antibi\u00f3ticosEn el 90% de los casos, previene la \u201cdiarrea del viajero\u201d \u00a1Bulardi\u24c7 Probi\u00f3tico detiene la diarrea en tiempo r\u00e9cord, normaliza el tracto digestivo, suaviza los s\u00edntomas y debilita los efectos de la diarrea existente! Con [&hellip;]\" \/>\n<meta property=\"og:url\" content=\"https:\/\/bulardi.com\/es\/bulardi-probiotico\/\" \/>\n<meta property=\"og:site_name\" content=\"Bulardi Probiotik\" \/>\n<meta property=\"article:modified_time\" content=\"2018-07-09T09:26:01+00:00\" \/>\n<meta property=\"og:image\" content=\"https:\/\/bulardi.com\/wp-content\/uploads\/2018\/01\/antibiotick.png\" \/>\n<meta name=\"twitter:card\" content=\"summary_large_image\" \/>\n<meta name=\"twitter:label1\" content=\"Tiempo de lectura\" \/>\n\t<meta name=\"twitter:data1\" content=\"10 minutos\" \/>\n<script type=\"application\/ld+json\" class=\"yoast-schema-graph\">{\"@context\":\"https:\\\/\\\/schema.org\",\"@graph\":[{\"@type\":\"WebPage\",\"@id\":\"https:\\\/\\\/bulardi.com\\\/es\\\/bulardi-probiotico\\\/\",\"url\":\"https:\\\/\\\/bulardi.com\\\/es\\\/bulardi-probiotico\\\/\",\"name\":\"Bulardi Probiotico - Bulardi Probiotik\",\"isPartOf\":{\"@id\":\"https:\\\/\\\/bulardi.com\\\/#website\"},\"datePublished\":\"2018-01-11T08:18:57+00:00\",\"dateModified\":\"2018-07-09T09:26:01+00:00\",\"breadcrumb\":{\"@id\":\"https:\\\/\\\/bulardi.com\\\/es\\\/bulardi-probiotico\\\/#breadcrumb\"},\"inLanguage\":\"es\",\"potentialAction\":[{\"@type\":\"ReadAction\",\"target\":[\"https:\\\/\\\/bulardi.com\\\/es\\\/bulardi-probiotico\\\/\"]}]},{\"@type\":\"BreadcrumbList\",\"@id\":\"https:\\\/\\\/bulardi.com\\\/es\\\/bulardi-probiotico\\\/#breadcrumb\",\"itemListElement\":[{\"@type\":\"ListItem\",\"position\":1,\"name\":\"Home\",\"item\":\"https:\\\/\\\/bulardi.com\\\/es\\\/\"},{\"@type\":\"ListItem\",\"position\":2,\"name\":\"Bulardi Probiotico\"}]},{\"@type\":\"WebSite\",\"@id\":\"https:\\\/\\\/bulardi.com\\\/#website\",\"url\":\"https:\\\/\\\/bulardi.com\\\/\",\"name\":\"Bulardi Probiotik\",\"description\":\"Broj 1 protiv dijareje\",\"potentialAction\":[{\"@type\":\"SearchAction\",\"target\":{\"@type\":\"EntryPoint\",\"urlTemplate\":\"https:\\\/\\\/bulardi.com\\\/?s={search_term_string}\"},\"query-input\":{\"@type\":\"PropertyValueSpecification\",\"valueRequired\":true,\"valueName\":\"search_term_string\"}}],\"inLanguage\":\"es\"}]}<\/script>\n<!-- \/ Yoast SEO plugin. -->","yoast_head_json":{"title":"Bulardi Probiotico - Bulardi Probiotik","robots":{"index":"index","follow":"follow","max-snippet":"max-snippet:-1","max-image-preview":"max-image-preview:large","max-video-preview":"max-video-preview:-1"},"canonical":"https:\/\/bulardi.com\/es\/bulardi-probiotico\/","og_locale":"es_ES","og_type":"article","og_title":"Bulardi Probiotico - Bulardi Probiotik","og_description":"Detiene todo tipo de diarreaBulardi elimina la causa y resuelve el problemaEs el \u00fanico producto que se puede usar con antibi\u00f3ticosEn el 90% de los casos, previene la \u201cdiarrea del viajero\u201d \u00a1Bulardi\u24c7 Probi\u00f3tico detiene la diarrea en tiempo r\u00e9cord, normaliza el tracto digestivo, suaviza los s\u00edntomas y debilita los efectos de la diarrea existente! Con [&hellip;]","og_url":"https:\/\/bulardi.com\/es\/bulardi-probiotico\/","og_site_name":"Bulardi Probiotik","article_modified_time":"2018-07-09T09:26:01+00:00","og_image":[{"url":"https:\/\/bulardi.com\/wp-content\/uploads\/2018\/01\/antibiotick.png","type":"","width":"","height":""}],"twitter_card":"summary_large_image","twitter_misc":{"Tiempo de lectura":"10 minutos"},"schema":{"@context":"https:\/\/schema.org","@graph":[{"@type":"WebPage","@id":"https:\/\/bulardi.com\/es\/bulardi-probiotico\/","url":"https:\/\/bulardi.com\/es\/bulardi-probiotico\/","name":"Bulardi Probiotico - Bulardi Probiotik","isPartOf":{"@id":"https:\/\/bulardi.com\/#website"},"datePublished":"2018-01-11T08:18:57+00:00","dateModified":"2018-07-09T09:26:01+00:00","breadcrumb":{"@id":"https:\/\/bulardi.com\/es\/bulardi-probiotico\/#breadcrumb"},"inLanguage":"es","potentialAction":[{"@type":"ReadAction","target":["https:\/\/bulardi.com\/es\/bulardi-probiotico\/"]}]},{"@type":"BreadcrumbList","@id":"https:\/\/bulardi.com\/es\/bulardi-probiotico\/#breadcrumb","itemListElement":[{"@type":"ListItem","position":1,"name":"Home","item":"https:\/\/bulardi.com\/es\/"},{"@type":"ListItem","position":2,"name":"Bulardi Probiotico"}]},{"@type":"WebSite","@id":"https:\/\/bulardi.com\/#website","url":"https:\/\/bulardi.com\/","name":"Bulardi Probiotik","description":"Broj 1 protiv dijareje","potentialAction":[{"@type":"SearchAction","target":{"@type":"EntryPoint","urlTemplate":"https:\/\/bulardi.com\/?s={search_term_string}"},"query-input":{"@type":"PropertyValueSpecification","valueRequired":true,"valueName":"search_term_string"}}],"inLanguage":"es"}]}},"_links":{"self":[{"href":"https:\/\/bulardi.com\/es\/wp-json\/wp\/v2\/pages\/1873","targetHints":{"allow":["GET"]}}],"collection":[{"href":"https:\/\/bulardi.com\/es\/wp-json\/wp\/v2\/pages"}],"about":[{"href":"https:\/\/bulardi.com\/es\/wp-json\/wp\/v2\/types\/page"}],"author":[{"embeddable":true,"href":"https:\/\/bulardi.com\/es\/wp-json\/wp\/v2\/users\/15"}],"replies":[{"embeddable":true,"href":"https:\/\/bulardi.com\/es\/wp-json\/wp\/v2\/comments?post=1873"}],"version-history":[{"count":15,"href":"https:\/\/bulardi.com\/es\/wp-json\/wp\/v2\/pages\/1873\/revisions"}],"predecessor-version":[{"id":2415,"href":"https:\/\/bulardi.com\/es\/wp-json\/wp\/v2\/pages\/1873\/revisions\/2415"}],"wp:attachment":[{"href":"https:\/\/bulardi.com\/es\/wp-json\/wp\/v2\/media?parent=1873"}],"curies":[{"name":"wp","href":"https:\/\/api.w.org\/{rel}","templated":true}]}}