{"id":5028,"date":"2019-05-08T12:59:34","date_gmt":"2019-05-08T12:59:34","guid":{"rendered":"https:\/\/bulardi.com\/atech-pakovanje\/"},"modified":"2021-05-28T13:15:02","modified_gmt":"2021-05-28T13:15:02","slug":"%d8%aa%d8%ba%d9%84%d9%8a%d9%81-%d8%b9%d8%a7%d9%84%d9%8a-%d8%a7%d9%84%d8%ac%d9%88%d8%af%d8%a9-%d9%84%d9%85%d8%b3%d8%aa%d8%ad%d8%b6%d8%b1-%d8%a7%d9%84%d8%a8%d8%b1%d9%88%d8%a8%d9%8a%d9%88%d8%aa%d9%8a","status":"publish","type":"page","link":"https:\/\/bulardi.com\/ar\/%d8%aa%d8%ba%d9%84%d9%8a%d9%81-%d8%b9%d8%a7%d9%84%d9%8a-%d8%a7%d9%84%d8%ac%d9%88%d8%af%d8%a9-%d9%84%d9%85%d8%b3%d8%aa%d8%ad%d8%b6%d8%b1-%d8%a7%d9%84%d8%a8%d8%b1%d9%88%d8%a8%d9%8a%d9%88%d8%aa%d9%8a\/","title":{"rendered":"aTECH \u062a\u063a\u0644\u064a\u0641"},"content":{"rendered":"<p>[et_pb_section fb_built=&#8221;1&#8243; _builder_version=&#8221;3.22.7&#8243; background_image=&#8221;https:\/\/bulardi.com\/wp-content\/uploads\/2019\/05\/pozadina.png&#8221; custom_padding=&#8221;0px||0px|||&#8221;][et_pb_row column_structure=&#8221;1_2,1_2&#8243; use_custom_gutter=&#8221;on&#8221; _builder_version=&#8221;3.25&#8243; width=&#8221;100%&#8221; max_width=&#8221;1920px&#8221; custom_padding=&#8221;||0px|||&#8221;][et_pb_column type=&#8221;1_2&#8243; _builder_version=&#8221;3.25&#8243; custom_padding=&#8221;|||&#8221; custom_padding__hover=&#8221;|||&#8221;][et_pb_blurb title=&#8221; \u062a\u063a\u0644\u064a\u0641 aTECH&#8221; _builder_version=&#8221;4.9.4&#8243; header_level=&#8221;h1&#8243; header_font=&#8221;|700|||||||&#8221; header_text_color=&#8221;#BA5402&#8243; header_font_size=&#8221;52px&#8221; body_font=&#8221;||||||||&#8221; body_text_color=&#8221;#3f3f3f&#8221; body_font_size=&#8221;18px&#8221; body_line_height=&#8221;1.6em&#8221; background_color=&#8221;#ffffff&#8221; custom_margin=&#8221;122px||40px&#8221; custom_margin_tablet=&#8221;40px||30px&#8221; custom_margin_phone=&#8221;&#8221; custom_margin_last_edited=&#8221;on|phone&#8221; custom_padding=&#8221;35px|30px|35px|30px&#8221; animation_style=&#8221;slide&#8221; animation_direction=&#8221;left&#8221; box_shadow_style=&#8221;preset1&#8243; custom_margin__hover_enabled=&#8221;on&#8221;]<\/p>\n<p style=\"text-align: right;\">\u00a0\u062a\u0645 \u0625\u062f\u062e\u0627\u0644 \u0647\u0630\u0647 \u0627\u0644\u062a\u0642\u0646\u064a\u0629 \u0627\u0644\u0645\u0628\u062a\u0643\u0631\u0629 \u0628\u0647\u062f\u0641 \u0625\u0636\u0641\u0627\u0621 \u062d\u0645\u0627\u064a\u0629 \u0625\u0636\u0627\u0641\u064a\u0629 \u0644\u0644\u0645\u0646\u062a\u062c \u0648\u0636\u0645\u0627\u0646 \u062c\u0648\u062f\u062a\u0647. \u062a\u062a\u0636\u0645\u0646 \u0627\u0644\u062a\u0642\u0646\u064a\u0629 \u0647\u0630\u0647 \u0627\u0633\u062a\u062e\u062f\u0627\u0645 \u0631\u0642\u0627\u0626\u0642 \u0635\u0641\u0627\u0626\u062d\u064a\u0629 \u062e\u0627\u0635\u0629 \u062a\u062d\u0645\u064a \u0628\u0634\u0643\u0644\u064b \u0625\u0636\u0627\u0641\u064a \u0643\u0644 \u0646\u0641\u0637\u0629 \u0645\u0646 \u0627\u0644\u0643\u0628\u0633\u0648\u0644\u0627\u062a \u0627\u0644\u062a\u064a \u0646\u0646\u062a\u062c\u0647\u0627.\u00a0<\/p>\n<p>[\/et_pb_blurb][\/et_pb_column][et_pb_column type=&#8221;1_2&#8243; _builder_version=&#8221;3.25&#8243; custom_padding=&#8221;|||&#8221; custom_padding__hover=&#8221;|||&#8221;][et_pb_image src=&#8221;https:\/\/bulardi.com\/wp-content\/uploads\/2019\/08\/bulardi.png&#8221; align_tablet=&#8221;center&#8221; align_phone=&#8221;&#8221; align_last_edited=&#8221;on|desktop&#8221; disabled_on=&#8221;on|on|off&#8221; _builder_version=&#8221;3.26.8&#8243; width=&#8221;78%&#8221; width_tablet=&#8221;&#8221; width_phone=&#8221;&#8221; width_last_edited=&#8221;on|tablet&#8221;][\/et_pb_image][\/et_pb_column][\/et_pb_row][\/et_pb_section][et_pb_section fb_built=&#8221;1&#8243; _builder_version=&#8221;3.22.7&#8243;][et_pb_row column_structure=&#8221;1_3,2_3&#8243; _builder_version=&#8221;3.25&#8243;][et_pb_column type=&#8221;1_3&#8243; _builder_version=&#8221;3.25&#8243; custom_padding=&#8221;|||&#8221; custom_padding__hover=&#8221;|||&#8221;][et_pb_image src=&#8221;https:\/\/bulardi.com\/wp-content\/uploads\/2019\/05\/flow-pack-1.png&#8221; align=&#8221;center&#8221; align_tablet=&#8221;center&#8221; align_phone=&#8221;&#8221; align_last_edited=&#8221;on|desktop&#8221; disabled_on=&#8221;off|off|on&#8221; _builder_version=&#8221;3.23&#8243; width=&#8221;70%&#8221; custom_margin=&#8221;||-21px|||&#8221;][\/et_pb_image][et_pb_text disabled_on=&#8221;off|off|on&#8221; _builder_version=&#8221;3.27.4&#8243; text_font=&#8221;||||||||&#8221; text_text_color=&#8221;#ba5402&#8243; text_font_size=&#8221;17px&#8221; custom_margin=&#8221;40px||&#8221;]<\/p>\n<p>&#8211; Za\u0161tita od vlage<\/p>\n<p>&#8211; Za\u0161tita od UV zraka<\/p>\n<p>&#8211; Za\u0161tita od kiseonika<\/p>\n<p>[\/et_pb_text][et_pb_image src=&#8221;https:\/\/bulardi.com\/wp-content\/uploads\/2019\/05\/flow-pack-1.png&#8221; align=&#8221;center&#8221; align_tablet=&#8221;center&#8221; align_phone=&#8221;&#8221; align_last_edited=&#8221;on|desktop&#8221; disabled_on=&#8221;on|on|off&#8221; _builder_version=&#8221;3.23&#8243; width=&#8221;79%&#8221;][\/et_pb_image][\/et_pb_column][et_pb_column type=&#8221;2_3&#8243; _builder_version=&#8221;3.25&#8243; custom_padding=&#8221;|||&#8221; custom_padding__hover=&#8221;|||&#8221;][et_pb_text _builder_version=&#8221;4.9.4&#8243; text_font=&#8221;||||||||&#8221; text_text_color=&#8221;#303030&#8243; text_font_size=&#8221;18px&#8221; text_line_height=&#8221;1.8em&#8221;]<\/p>\n<p style=\"text-align: right;\">\u062a\u0634\u0643\u0644\u064f \u0627\u0644\u0631\u0642\u0627\u0626\u0642 \u0627\u0644\u0645\u0635\u0641\u062d\u0629 \u062d\u0627\u062c\u0632\u0627\u064b \u0645\u0637\u0644\u0642\u0627\u064b \u0644\u0644\u0623\u0643\u0633\u062c\u064a\u0646 \u0648\u0627\u0644\u0631\u0637\u0648\u0628\u0629 \u0648\u0627\u0644\u0636\u0648\u0621 \u060c \u0648\u0627\u0644\u062a\u064a \u062a\u0639\u062f \u062c\u0645\u064a\u0639\u0627\u064b \u0628\u0627\u0644\u0625\u0636\u0627\u0641\u0629 \u0625\u0644\u0649 \u062f\u0631\u062c\u0629 \u0627\u0644\u062d\u0631\u0627\u0631\u0629 \u060c \u0645\u0646 \u0627\u0644\u0623\u0633\u0628\u0627\u0628 \u0627\u0644\u0631\u0626\u064a\u0633\u064a\u0629 \u0644\u0627\u0646\u062e\u0641\u0627\u0636 \u0646\u0634\u0627\u0637 \u0633\u0644\u0627\u0644\u0629 \u0627\u0644\u0643\u0627\u0626\u0646\u0627\u062a \u0627\u0644\u062d\u064a\u0629 \u0627\u0644\u0645\u062c\u0647\u0631\u064a\u0629 \u0627\u0644\u0646\u0634\u0637\u0629.<\/p>\n<p style=\"text-align: right;\">\n<p style=\"text-align: right;\">\n<p style=\"text-align: right;\">\u0648\u0628\u0627\u0644\u0625\u0636\u0627\u0641\u0629 \u0625\u0644\u0649 \u0627\u0644\u0631\u0642\u0627\u0626\u0642 \u0627\u0644\u0635\u0641\u0627\u0626\u062d\u064a\u0629 \u0644\u0642\u062f \u0642\u0645\u0646\u0627 \u0628\u0625\u0636\u0627\u0641\u0629 \u063a\u0627\u0632 \u0627\u0644\u0646\u064a\u062a\u0631\u0648\u062c\u064a\u0646 \u0627\u0644\u062e\u0627\u0645\u0644 \u060c \u0648\u0630\u0644\u0643 \u0645\u0646 \u0645\u0646 \u0623\u062c\u0644 \u0632\u064a\u0627\u062f\u0629 \u0627\u0633\u062a\u0642\u0631\u0627\u0631 \u0627\u0644\u0645\u0646\u062a\u062c \u0648\u0635\u0644\u0627\u062d\u064a\u0629 \u0645\u0632\u0627\u0631\u0639 \u0627\u0644\u0643\u0627\u0626\u0646\u0627\u062a \u0627\u0644\u062d\u064a\u0629 \u0627\u0644\u0645\u062c\u0647\u0631\u064a\u0629. \u062d\u064a\u062b \u064a\u0624\u062f\u064a \u062d\u0642\u0646 \u0627\u0644\u0646\u064a\u062a\u0631\u0648\u062c\u064a\u0646 \u0641\u064a \u0647\u0630\u0647 \u0627\u0644\u0639\u0628\u0648\u0627\u062a \u0627\u0644\u0645\u0628\u062a\u0643\u0631\u0629 \u0623\u062b\u0646\u0627\u0621 \u0639\u0645\u0644\u064a\u0629 \u062a\u063a\u0644\u064a\u0641 \u0627\u0644\u0645\u0646\u062a\u062c \u0625\u0644\u0649 \u0637\u0631\u062f \u0627\u0644\u0623\u0643\u0633\u062c\u064a\u0646 \u0645\u0646 \u0627\u0644\u0643\u064a\u0633 \u060c \u0648\u0647\u0648 \u0623\u0645\u0631 \u0645\u0647\u0645 \u0628\u0634\u0643\u0644 \u062e\u0627\u0635 \u0644\u0623\u0646 \u0628\u0643\u062a\u064a\u0631\u064a\u0627 \u0627\u0644\u0628\u0631\u0648\u0628\u064a\u0648\u062a\u064a\u0643 \u0647\u064a \u0641\u064a \u0627\u0644\u063a\u0627\u0644\u0628 \u0639\u0628\u0627\u0631\u0629 \u0639\u0646 \u0643\u0627\u0626\u0646\u0627\u062a \u0644\u0627 \u0647\u0648\u0627\u0626\u064a\u0629 (\u062d\u0633\u0627\u0633\u0629 \u0644\u0644\u0623\u0643\u0633\u062c\u064a\u0646).<\/p>\n<p style=\"text-align: right;\">\n<p style=\"text-align: right;\">\u0648\u064a\u0645\u0643\u0646 \u0623\u0646 \u064a\u0624\u062f\u064a \u0627\u0644\u0623\u0643\u0633\u062c\u064a\u0646 \u0639\u0644\u0649 \u0648\u062c\u0647 \u0627\u0644\u062a\u062d\u062f\u064a\u062f \u0625\u0644\u0649 \u062a\u0631\u0627\u0643\u0645 \u0627\u0644\u0645\u0633\u062a\u0642\u0644\u0628\u0627\u062a \u0627\u0644\u0636\u0627\u0631\u0629 \u0627\u0644\u062a\u064a \u0628\u062f\u0648\u0631\u0647\u0627 \u062a\u0633\u0628\u0628 \u0645\u0648\u062a \u0627\u0644\u062e\u0644\u0627\u064a\u0627 \u0628\u0633\u0628\u0628 \u0627\u0644\u0623\u0643\u0633\u062f\u0629.<\/p>\n<p style=\"text-align: right;\">\u0647\u0630\u0627 \u0648\u064a\u0632\u064a\u0644 \u062d\u0642\u0646 \u0627\u0644\u0646\u064a\u062a\u0631\u0648\u062c\u064a\u0646 \u0627\u0644\u0623\u0643\u0633\u062c\u064a\u0646 \u063a\u064a\u0631\u0627\u0644\u0645\u0631\u063a\u0648\u0628 \u0641\u064a\u0647 \u0648\u064a\u0632\u064a\u062f \u0645\u0646 \u0628\u0642\u0627\u0621 (\u0628\u0642\u0627\u0621) \u0627\u0644\u0643\u0627\u0626\u0646\u0627\u062a \u0627\u0644\u062d\u064a\u0629 \u0627\u0644\u062f\u0642\u064a\u0642\u0629 \u0627\u0644\u0628\u0631\u0648\u0628\u064a\u0648\u062a\u064a\u0643\u064a\u0629.<\/p>\n<p style=\"text-align: right;\">\u062a\u0636\u0645\u0646 \u062a\u0642\u0646\u064a\u0629 \u0627\u0644\u062a\u063a\u0644\u064a\u0641 \u0627\u0644\u0645\u0628\u062a\u0643\u0631\u0629 \u0627\u0644\u0639\u062f\u062f \u0627\u0644\u0645\u0639\u0644\u0646 \u0644\u062e\u0644\u0627\u064a\u0627 \u0627\u0644\u0628\u0631\u0648\u0628\u064a\u0648\u062a\u064a\u0643 \u062d\u062a\u0649 \u0628\u0639\u062f \u062a\u0627\u0631\u064a\u062e \u0627\u0646\u062a\u0647\u0627\u0621 \u0627\u0644\u0635\u0644\u0627\u062d\u064a\u0629 \u060c \u0648\u0647\u0648 \u0623\u0645\u0631 \u0645\u0647\u0645 \u0628\u0634\u0643\u0644 \u062e\u0627\u0635 \u0644\u0641\u0639\u0627\u0644\u064a\u0629 \u0627\u0644\u062a\u062d\u0636\u064a\u0631.<\/p>\n<p>[\/et_pb_text][\/et_pb_column][\/et_pb_row][\/et_pb_section]<\/p>\n","protected":false},"excerpt":{"rendered":"<p>\u00a0\u062a\u0645 \u0625\u062f\u062e\u0627\u0644 \u0647\u0630\u0647 \u0627\u0644\u062a\u0642\u0646\u064a\u0629 \u0627\u0644\u0645\u0628\u062a\u0643\u0631\u0629 \u0628\u0647\u062f\u0641 \u0625\u0636\u0641\u0627\u0621 \u062d\u0645\u0627\u064a\u0629 \u0625\u0636\u0627\u0641\u064a\u0629 \u0644\u0644\u0645\u0646\u062a\u062c \u0648\u0636\u0645\u0627\u0646 \u062c\u0648\u062f\u062a\u0647. \u062a\u062a\u0636\u0645\u0646 \u0627\u0644\u062a\u0642\u0646\u064a\u0629 \u0647\u0630\u0647 \u0627\u0633\u062a\u062e\u062f\u0627\u0645 \u0631\u0642\u0627\u0626\u0642 \u0635\u0641\u0627\u0626\u062d\u064a\u0629 \u062e\u0627\u0635\u0629 \u062a\u062d\u0645\u064a \u0628\u0634\u0643\u0644\u064b \u0625\u0636\u0627\u0641\u064a \u0643\u0644 \u0646\u0641\u0637\u0629 \u0645\u0646 \u0627\u0644\u0643\u0628\u0633\u0648\u0644\u0627\u062a \u0627\u0644\u062a\u064a \u0646\u0646\u062a\u062c\u0647\u0627.\u00a0&#8211; Za\u0161tita od vlage &#8211; Za\u0161tita od UV zraka &#8211; Za\u0161tita od kiseonika\u062a\u0634\u0643\u0644\u064f \u0627\u0644\u0631\u0642\u0627\u0626\u0642 \u0627\u0644\u0645\u0635\u0641\u062d\u0629 \u062d\u0627\u062c\u0632\u0627\u064b \u0645\u0637\u0644\u0642\u0627\u064b \u0644\u0644\u0623\u0643\u0633\u062c\u064a\u0646 \u0648\u0627\u0644\u0631\u0637\u0648\u0628\u0629 \u0648\u0627\u0644\u0636\u0648\u0621 \u060c \u0648\u0627\u0644\u062a\u064a \u062a\u0639\u062f \u062c\u0645\u064a\u0639\u0627\u064b \u0628\u0627\u0644\u0625\u0636\u0627\u0641\u0629 \u0625\u0644\u0649 \u062f\u0631\u062c\u0629 \u0627\u0644\u062d\u0631\u0627\u0631\u0629 [&hellip;]<\/p>\n","protected":false},"author":15,"featured_media":0,"parent":0,"menu_order":0,"comment_status":"closed","ping_status":"closed","template":"","meta":{"_et_pb_use_builder":"on","_et_pb_old_content":"","_et_gb_content_width":"","footnotes":""},"class_list":["post-5028","page","type-page","status-publish","hentry"],"yoast_head":"<!-- This site is optimized with the Yoast SEO plugin v27.4 - https:\/\/yoast.com\/product\/yoast-seo-wordpress\/ -->\n<title>aTECH \u062a\u063a\u0644\u064a\u0641 - Bulardi Probiotik<\/title>\n<meta name=\"description\" content=\"\u0627\u0644\u062a\u063a\u0644\u064a\u0641 \u0627\u0644\u0639\u0627\u0644\u064a \u0627\u0644\u062c\u0648\u062f\u0629 \u0636\u0631\u0648\u0631\u064a \u062c\u062f\u0627&quot; \u0644\u0644\u0645\u0633\u062a\u062d\u0636\u0631\u0627\u062a \u0627\u0644\u062f\u0648\u0627\u0626\u064a\u0629 \u0644\u0636\u0645\u0627\u0646 \u0633\u0644\u0627\u0645\u0629 \u0627\u0644\u0645\u0646\u062a\u062c\u0627\u062a \u0648\u0627\u0644\u062d\u0641\u0627\u0638 \u0639\u0644\u064a\u0647\u0627 \u062e\u0627\u0644\u064a\u0629 \u0645\u0646 \u0627\u0644\u062a\u0644\u0648\u062b- \u0623\u0641\u0636\u0644 \u0628\u0631\u0648\u0628\u064a\u0648\u062a\u064a\u0643\" \/>\n<meta name=\"robots\" content=\"index, follow, max-snippet:-1, max-image-preview:large, max-video-preview:-1\" \/>\n<link rel=\"canonical\" href=\"https:\/\/bulardi.com\/ar\/\u062a\u063a\u0644\u064a\u0641-\u0639\u0627\u0644\u064a-\u0627\u0644\u062c\u0648\u062f\u0629-\u0644\u0645\u0633\u062a\u062d\u0636\u0631-\u0627\u0644\u0628\u0631\u0648\u0628\u064a\u0648\u062a\u064a\/\" \/>\n<meta property=\"og:locale\" content=\"ar_AR\" \/>\n<meta property=\"og:type\" content=\"article\" \/>\n<meta property=\"og:title\" content=\"aTECH \u062a\u063a\u0644\u064a\u0641 - Bulardi Probiotik\" \/>\n<meta property=\"og:description\" content=\"\u0627\u0644\u062a\u063a\u0644\u064a\u0641 \u0627\u0644\u0639\u0627\u0644\u064a \u0627\u0644\u062c\u0648\u062f\u0629 \u0636\u0631\u0648\u0631\u064a \u062c\u062f\u0627&quot; \u0644\u0644\u0645\u0633\u062a\u062d\u0636\u0631\u0627\u062a \u0627\u0644\u062f\u0648\u0627\u0626\u064a\u0629 \u0644\u0636\u0645\u0627\u0646 \u0633\u0644\u0627\u0645\u0629 \u0627\u0644\u0645\u0646\u062a\u062c\u0627\u062a \u0648\u0627\u0644\u062d\u0641\u0627\u0638 \u0639\u0644\u064a\u0647\u0627 \u062e\u0627\u0644\u064a\u0629 \u0645\u0646 \u0627\u0644\u062a\u0644\u0648\u062b- \u0623\u0641\u0636\u0644 \u0628\u0631\u0648\u0628\u064a\u0648\u062a\u064a\u0643\" \/>\n<meta property=\"og:url\" content=\"https:\/\/bulardi.com\/ar\/\u062a\u063a\u0644\u064a\u0641-\u0639\u0627\u0644\u064a-\u0627\u0644\u062c\u0648\u062f\u0629-\u0644\u0645\u0633\u062a\u062d\u0636\u0631-\u0627\u0644\u0628\u0631\u0648\u0628\u064a\u0648\u062a\u064a\/\" \/>\n<meta property=\"og:site_name\" content=\"Bulardi Probiotik\" \/>\n<meta property=\"article:modified_time\" content=\"2021-05-28T13:15:02+00:00\" \/>\n<meta name=\"twitter:card\" content=\"summary_large_image\" \/>\n<meta name=\"twitter:label1\" content=\"\u0648\u0642\u062a \u0627\u0644\u0642\u0631\u0627\u0621\u0629 \u0627\u0644\u0645\u064f\u0642\u062f\u0651\u0631\" \/>\n\t<meta name=\"twitter:data1\" content=\"\u062f\u0642\u064a\u0642\u062a\u0627\u0646\" \/>\n<script type=\"application\/ld+json\" class=\"yoast-schema-graph\">{\"@context\":\"https:\\\/\\\/schema.org\",\"@graph\":[{\"@type\":\"WebPage\",\"@id\":\"https:\\\/\\\/bulardi.com\\\/ar\\\/%d8%aa%d8%ba%d9%84%d9%8a%d9%81-%d8%b9%d8%a7%d9%84%d9%8a-%d8%a7%d9%84%d8%ac%d9%88%d8%af%d8%a9-%d9%84%d9%85%d8%b3%d8%aa%d8%ad%d8%b6%d8%b1-%d8%a7%d9%84%d8%a8%d8%b1%d9%88%d8%a8%d9%8a%d9%88%d8%aa%d9%8a\\\/\",\"url\":\"https:\\\/\\\/bulardi.com\\\/ar\\\/%d8%aa%d8%ba%d9%84%d9%8a%d9%81-%d8%b9%d8%a7%d9%84%d9%8a-%d8%a7%d9%84%d8%ac%d9%88%d8%af%d8%a9-%d9%84%d9%85%d8%b3%d8%aa%d8%ad%d8%b6%d8%b1-%d8%a7%d9%84%d8%a8%d8%b1%d9%88%d8%a8%d9%8a%d9%88%d8%aa%d9%8a\\\/\",\"name\":\"aTECH \u062a\u063a\u0644\u064a\u0641 - Bulardi Probiotik\",\"isPartOf\":{\"@id\":\"https:\\\/\\\/bulardi.com\\\/#website\"},\"datePublished\":\"2019-05-08T12:59:34+00:00\",\"dateModified\":\"2021-05-28T13:15:02+00:00\",\"description\":\"\u0627\u0644\u062a\u063a\u0644\u064a\u0641 \u0627\u0644\u0639\u0627\u0644\u064a \u0627\u0644\u062c\u0648\u062f\u0629 \u0636\u0631\u0648\u0631\u064a \u062c\u062f\u0627\\\" \u0644\u0644\u0645\u0633\u062a\u062d\u0636\u0631\u0627\u062a \u0627\u0644\u062f\u0648\u0627\u0626\u064a\u0629 \u0644\u0636\u0645\u0627\u0646 \u0633\u0644\u0627\u0645\u0629 \u0627\u0644\u0645\u0646\u062a\u062c\u0627\u062a \u0648\u0627\u0644\u062d\u0641\u0627\u0638 \u0639\u0644\u064a\u0647\u0627 \u062e\u0627\u0644\u064a\u0629 \u0645\u0646 \u0627\u0644\u062a\u0644\u0648\u062b- \u0623\u0641\u0636\u0644 \u0628\u0631\u0648\u0628\u064a\u0648\u062a\u064a\u0643\",\"breadcrumb\":{\"@id\":\"https:\\\/\\\/bulardi.com\\\/ar\\\/%d8%aa%d8%ba%d9%84%d9%8a%d9%81-%d8%b9%d8%a7%d9%84%d9%8a-%d8%a7%d9%84%d8%ac%d9%88%d8%af%d8%a9-%d9%84%d9%85%d8%b3%d8%aa%d8%ad%d8%b6%d8%b1-%d8%a7%d9%84%d8%a8%d8%b1%d9%88%d8%a8%d9%8a%d9%88%d8%aa%d9%8a\\\/#breadcrumb\"},\"inLanguage\":\"ar\",\"potentialAction\":[{\"@type\":\"ReadAction\",\"target\":[\"https:\\\/\\\/bulardi.com\\\/ar\\\/%d8%aa%d8%ba%d9%84%d9%8a%d9%81-%d8%b9%d8%a7%d9%84%d9%8a-%d8%a7%d9%84%d8%ac%d9%88%d8%af%d8%a9-%d9%84%d9%85%d8%b3%d8%aa%d8%ad%d8%b6%d8%b1-%d8%a7%d9%84%d8%a8%d8%b1%d9%88%d8%a8%d9%8a%d9%88%d8%aa%d9%8a\\\/\"]}]},{\"@type\":\"BreadcrumbList\",\"@id\":\"https:\\\/\\\/bulardi.com\\\/ar\\\/%d8%aa%d8%ba%d9%84%d9%8a%d9%81-%d8%b9%d8%a7%d9%84%d9%8a-%d8%a7%d9%84%d8%ac%d9%88%d8%af%d8%a9-%d9%84%d9%85%d8%b3%d8%aa%d8%ad%d8%b6%d8%b1-%d8%a7%d9%84%d8%a8%d8%b1%d9%88%d8%a8%d9%8a%d9%88%d8%aa%d9%8a\\\/#breadcrumb\",\"itemListElement\":[{\"@type\":\"ListItem\",\"position\":1,\"name\":\"Home\",\"item\":\"https:\\\/\\\/bulardi.com\\\/ar\\\/\"},{\"@type\":\"ListItem\",\"position\":2,\"name\":\"aTECH \u062a\u063a\u0644\u064a\u0641\"}]},{\"@type\":\"WebSite\",\"@id\":\"https:\\\/\\\/bulardi.com\\\/#website\",\"url\":\"https:\\\/\\\/bulardi.com\\\/\",\"name\":\"Bulardi Probiotik\",\"description\":\"Broj 1 protiv dijareje\",\"potentialAction\":[{\"@type\":\"SearchAction\",\"target\":{\"@type\":\"EntryPoint\",\"urlTemplate\":\"https:\\\/\\\/bulardi.com\\\/?s={search_term_string}\"},\"query-input\":{\"@type\":\"PropertyValueSpecification\",\"valueRequired\":true,\"valueName\":\"search_term_string\"}}],\"inLanguage\":\"ar\"}]}<\/script>\n<!-- \/ Yoast SEO plugin. -->","yoast_head_json":{"title":"aTECH \u062a\u063a\u0644\u064a\u0641 - Bulardi Probiotik","description":"\u0627\u0644\u062a\u063a\u0644\u064a\u0641 \u0627\u0644\u0639\u0627\u0644\u064a \u0627\u0644\u062c\u0648\u062f\u0629 \u0636\u0631\u0648\u0631\u064a \u062c\u062f\u0627\" \u0644\u0644\u0645\u0633\u062a\u062d\u0636\u0631\u0627\u062a \u0627\u0644\u062f\u0648\u0627\u0626\u064a\u0629 \u0644\u0636\u0645\u0627\u0646 \u0633\u0644\u0627\u0645\u0629 \u0627\u0644\u0645\u0646\u062a\u062c\u0627\u062a \u0648\u0627\u0644\u062d\u0641\u0627\u0638 \u0639\u0644\u064a\u0647\u0627 \u062e\u0627\u0644\u064a\u0629 \u0645\u0646 \u0627\u0644\u062a\u0644\u0648\u062b- \u0623\u0641\u0636\u0644 \u0628\u0631\u0648\u0628\u064a\u0648\u062a\u064a\u0643","robots":{"index":"index","follow":"follow","max-snippet":"max-snippet:-1","max-image-preview":"max-image-preview:large","max-video-preview":"max-video-preview:-1"},"canonical":"https:\/\/bulardi.com\/ar\/\u062a\u063a\u0644\u064a\u0641-\u0639\u0627\u0644\u064a-\u0627\u0644\u062c\u0648\u062f\u0629-\u0644\u0645\u0633\u062a\u062d\u0636\u0631-\u0627\u0644\u0628\u0631\u0648\u0628\u064a\u0648\u062a\u064a\/","og_locale":"ar_AR","og_type":"article","og_title":"aTECH \u062a\u063a\u0644\u064a\u0641 - Bulardi Probiotik","og_description":"\u0627\u0644\u062a\u063a\u0644\u064a\u0641 \u0627\u0644\u0639\u0627\u0644\u064a \u0627\u0644\u062c\u0648\u062f\u0629 \u0636\u0631\u0648\u0631\u064a \u062c\u062f\u0627\" \u0644\u0644\u0645\u0633\u062a\u062d\u0636\u0631\u0627\u062a \u0627\u0644\u062f\u0648\u0627\u0626\u064a\u0629 \u0644\u0636\u0645\u0627\u0646 \u0633\u0644\u0627\u0645\u0629 \u0627\u0644\u0645\u0646\u062a\u062c\u0627\u062a \u0648\u0627\u0644\u062d\u0641\u0627\u0638 \u0639\u0644\u064a\u0647\u0627 \u062e\u0627\u0644\u064a\u0629 \u0645\u0646 \u0627\u0644\u062a\u0644\u0648\u062b- \u0623\u0641\u0636\u0644 \u0628\u0631\u0648\u0628\u064a\u0648\u062a\u064a\u0643","og_url":"https:\/\/bulardi.com\/ar\/\u062a\u063a\u0644\u064a\u0641-\u0639\u0627\u0644\u064a-\u0627\u0644\u062c\u0648\u062f\u0629-\u0644\u0645\u0633\u062a\u062d\u0636\u0631-\u0627\u0644\u0628\u0631\u0648\u0628\u064a\u0648\u062a\u064a\/","og_site_name":"Bulardi Probiotik","article_modified_time":"2021-05-28T13:15:02+00:00","twitter_card":"summary_large_image","twitter_misc":{"\u0648\u0642\u062a \u0627\u0644\u0642\u0631\u0627\u0621\u0629 \u0627\u0644\u0645\u064f\u0642\u062f\u0651\u0631":"\u062f\u0642\u064a\u0642\u062a\u0627\u0646"},"schema":{"@context":"https:\/\/schema.org","@graph":[{"@type":"WebPage","@id":"https:\/\/bulardi.com\/ar\/%d8%aa%d8%ba%d9%84%d9%8a%d9%81-%d8%b9%d8%a7%d9%84%d9%8a-%d8%a7%d9%84%d8%ac%d9%88%d8%af%d8%a9-%d9%84%d9%85%d8%b3%d8%aa%d8%ad%d8%b6%d8%b1-%d8%a7%d9%84%d8%a8%d8%b1%d9%88%d8%a8%d9%8a%d9%88%d8%aa%d9%8a\/","url":"https:\/\/bulardi.com\/ar\/%d8%aa%d8%ba%d9%84%d9%8a%d9%81-%d8%b9%d8%a7%d9%84%d9%8a-%d8%a7%d9%84%d8%ac%d9%88%d8%af%d8%a9-%d9%84%d9%85%d8%b3%d8%aa%d8%ad%d8%b6%d8%b1-%d8%a7%d9%84%d8%a8%d8%b1%d9%88%d8%a8%d9%8a%d9%88%d8%aa%d9%8a\/","name":"aTECH \u062a\u063a\u0644\u064a\u0641 - Bulardi Probiotik","isPartOf":{"@id":"https:\/\/bulardi.com\/#website"},"datePublished":"2019-05-08T12:59:34+00:00","dateModified":"2021-05-28T13:15:02+00:00","description":"\u0627\u0644\u062a\u063a\u0644\u064a\u0641 \u0627\u0644\u0639\u0627\u0644\u064a \u0627\u0644\u062c\u0648\u062f\u0629 \u0636\u0631\u0648\u0631\u064a \u062c\u062f\u0627\" \u0644\u0644\u0645\u0633\u062a\u062d\u0636\u0631\u0627\u062a \u0627\u0644\u062f\u0648\u0627\u0626\u064a\u0629 \u0644\u0636\u0645\u0627\u0646 \u0633\u0644\u0627\u0645\u0629 \u0627\u0644\u0645\u0646\u062a\u062c\u0627\u062a \u0648\u0627\u0644\u062d\u0641\u0627\u0638 \u0639\u0644\u064a\u0647\u0627 \u062e\u0627\u0644\u064a\u0629 \u0645\u0646 \u0627\u0644\u062a\u0644\u0648\u062b- \u0623\u0641\u0636\u0644 \u0628\u0631\u0648\u0628\u064a\u0648\u062a\u064a\u0643","breadcrumb":{"@id":"https:\/\/bulardi.com\/ar\/%d8%aa%d8%ba%d9%84%d9%8a%d9%81-%d8%b9%d8%a7%d9%84%d9%8a-%d8%a7%d9%84%d8%ac%d9%88%d8%af%d8%a9-%d9%84%d9%85%d8%b3%d8%aa%d8%ad%d8%b6%d8%b1-%d8%a7%d9%84%d8%a8%d8%b1%d9%88%d8%a8%d9%8a%d9%88%d8%aa%d9%8a\/#breadcrumb"},"inLanguage":"ar","potentialAction":[{"@type":"ReadAction","target":["https:\/\/bulardi.com\/ar\/%d8%aa%d8%ba%d9%84%d9%8a%d9%81-%d8%b9%d8%a7%d9%84%d9%8a-%d8%a7%d9%84%d8%ac%d9%88%d8%af%d8%a9-%d9%84%d9%85%d8%b3%d8%aa%d8%ad%d8%b6%d8%b1-%d8%a7%d9%84%d8%a8%d8%b1%d9%88%d8%a8%d9%8a%d9%88%d8%aa%d9%8a\/"]}]},{"@type":"BreadcrumbList","@id":"https:\/\/bulardi.com\/ar\/%d8%aa%d8%ba%d9%84%d9%8a%d9%81-%d8%b9%d8%a7%d9%84%d9%8a-%d8%a7%d9%84%d8%ac%d9%88%d8%af%d8%a9-%d9%84%d9%85%d8%b3%d8%aa%d8%ad%d8%b6%d8%b1-%d8%a7%d9%84%d8%a8%d8%b1%d9%88%d8%a8%d9%8a%d9%88%d8%aa%d9%8a\/#breadcrumb","itemListElement":[{"@type":"ListItem","position":1,"name":"Home","item":"https:\/\/bulardi.com\/ar\/"},{"@type":"ListItem","position":2,"name":"aTECH \u062a\u063a\u0644\u064a\u0641"}]},{"@type":"WebSite","@id":"https:\/\/bulardi.com\/#website","url":"https:\/\/bulardi.com\/","name":"Bulardi Probiotik","description":"Broj 1 protiv dijareje","potentialAction":[{"@type":"SearchAction","target":{"@type":"EntryPoint","urlTemplate":"https:\/\/bulardi.com\/?s={search_term_string}"},"query-input":{"@type":"PropertyValueSpecification","valueRequired":true,"valueName":"search_term_string"}}],"inLanguage":"ar"}]}},"_links":{"self":[{"href":"https:\/\/bulardi.com\/ar\/wp-json\/wp\/v2\/pages\/5028","targetHints":{"allow":["GET"]}}],"collection":[{"href":"https:\/\/bulardi.com\/ar\/wp-json\/wp\/v2\/pages"}],"about":[{"href":"https:\/\/bulardi.com\/ar\/wp-json\/wp\/v2\/types\/page"}],"author":[{"embeddable":true,"href":"https:\/\/bulardi.com\/ar\/wp-json\/wp\/v2\/users\/15"}],"replies":[{"embeddable":true,"href":"https:\/\/bulardi.com\/ar\/wp-json\/wp\/v2\/comments?post=5028"}],"version-history":[{"count":5,"href":"https:\/\/bulardi.com\/ar\/wp-json\/wp\/v2\/pages\/5028\/revisions"}],"predecessor-version":[{"id":5173,"href":"https:\/\/bulardi.com\/ar\/wp-json\/wp\/v2\/pages\/5028\/revisions\/5173"}],"wp:attachment":[{"href":"https:\/\/bulardi.com\/ar\/wp-json\/wp\/v2\/media?parent=5028"}],"curies":[{"name":"wp","href":"https:\/\/api.w.org\/{rel}","templated":true}]}}